{"id":1714,"date":"2024-08-01T15:00:43","date_gmt":"2024-08-01T12:00:43","guid":{"rendered":"https:\/\/ctmlog.com\/?page_id=1714"},"modified":"2024-08-01T15:00:45","modified_gmt":"2024-08-01T12:00:45","slug":"cerez-kullanimi-politikasi","status":"publish","type":"page","link":"http:\/\/ctmlog.com\/en\/cerez-kullanimi-politikasi\/","title":{"rendered":"\u00c7erez Kullan\u0131m\u0131 Politikas\u0131"},"content":{"rendered":"<h3 class=\"wp-block-heading\"><\/h3>\n\n\n\n<p>Kullan\u0131c\u0131lar\u0131n ilgi alanlar\u0131n\u0131 ve web sayfalar\u0131m\u0131z\u0131n en pop\u00fcler b\u00f6l\u00fcmlerini tespit etmek ve bu bilgilerle web sayfalar\u0131n\u0131n tasar\u0131m\u0131n\u0131 iyile\u015ftirmek ve kullan\u0131c\u0131 dostu bir hale getirmek i\u00e7in \u00e7erez ve HTML5 Storage veya Local Shared Objects benzeri yaz\u0131l\u0131m ara\u00e7lar\u0131 (birlikte &#8220;\u00c7erezler&#8221;) kullanmaktay\u0131z.<\/p>\n\n\n\n<p>\u00c7erezler vas\u0131tas\u0131yla elde edilen ki\u015fisel verileriniz \u2018veri sorumlusu\u2019 s\u0131fat\u0131yla Firmam\u0131z taraf\u0131ndan Ki\u015fisel Verilerin Korunmas\u0131 Kanunu\u2019nun 5. maddesinde belirtilen me\u015fru menfaatin ger\u00e7ekle\u015ftirilmesi i\u00e7in veri i\u015flenmesinin zorunlu olmas\u0131 ki\u015fisel veri i\u015fleme \u015fartlar\u0131na dayal\u0131 olarak i\u015flenebilmektedir.<\/p>\n\n\n\n<h3 class=\"wp-block-heading\">\u00c7erezlerin fonksiyonlar\u0131 ve kullan\u0131m\u0131<\/h3>\n\n\n\n<ul class=\"wp-block-list\">\n<li>\u00c7erezler ziyaret etti\u011finiz bir web sayfas\u0131ndan masa \u00fcst\u00fc veya diz\u00fcst\u00fc bilgisayar\u0131n\u0131za veya mobil cihaz\u0131n\u0131za kaydedilen k\u00fc\u00e7\u00fck dosyalard\u0131r. Bu sayede, \u00f6rne\u011fin cihaz ve web sayfalar\u0131m\u0131z aras\u0131nda \u00f6nceden ba\u011flant\u0131 kurulup kurulmad\u0131\u011f\u0131n\u0131 veya hangi dili ya da ayar\u0131 tercih etti\u011finizi tespit edebiliriz. \u00c7erezler, ki\u015fisel bilgiler de i\u00e7erebilmektedir.<\/li>\n\n\n\n<li>Web sayfalar\u0131m\u0131z\u0131 kulland\u0131\u011f\u0131n\u0131zda \u00e7erezlerin kullan\u0131lmas\u0131n\u0131 kabul etmi\u015f say\u0131l\u0131rs\u0131n\u0131z. Web sayfalar\u0131m\u0131z\u0131 \u00e7erezlerin kullan\u0131lmas\u0131n\u0131 kabul etmeden de kullanabilirsiniz. Yani, cihaz\u0131n\u0131zda ilgili ayar\u0131 yaparak \u00e7erezlerin kullan\u0131lmas\u0131n\u0131 reddedebilir ve \u00e7erezleri istedi\u011finiz zaman silebilirsiniz. Bu, \u015fu \u015fekilde ger\u00e7ekle\u015ftirilir:\n<ul class=\"wp-block-list\">\n<li>\u00c7o\u011fu taray\u0131c\u0131, \u00e7erezleri otomatik olarak kaydedecek \u015fekilde ayarlanm\u0131\u015ft\u0131r. Bu \u00f6n ayar\u0131, taray\u0131c\u0131n\u0131zda &#8220;\u00c7erezleri kabul etme&#8221; ayar\u0131n\u0131 etkinle\u015ftirerek de\u011fi\u015ftirebilirsiniz.<\/li>\n\n\n\n<li>Mevcut \u00e7erezleri her zaman silebilirsiniz. Bunun ayr\u0131nt\u0131l\u0131 olarak nas\u0131l yap\u0131ld\u0131\u011f\u0131n\u0131, taray\u0131c\u0131n\u0131z\u0131n kullan\u0131m k\u0131lavuzundan veya cihaz\u0131n\u0131z\u0131n \u00fcreticisinden \u00f6\u011frenebilirsiniz.<\/li>\n\n\n\n<li>Local Shared Objects&#8217;i devre d\u0131\u015f\u0131 b\u0131rakabilirsiniz.<\/li>\n\n\n\n<li>T\u0131pk\u0131 \u00e7erezlerin kullan\u0131lmas\u0131nda oldu\u011fu gibi \u00e7erezleri reddetme veya silme i\u015flemi de kullan\u0131lan cihaza ve taray\u0131c\u0131ya ba\u011fl\u0131d\u0131r. Yani \u00e7erezleri her cihaz i\u00e7in ve birden fazla taray\u0131c\u0131 kulland\u0131\u011f\u0131n\u0131zda her taray\u0131c\u0131 i\u00e7in de ayr\u0131 ayr\u0131 reddetmeniz veya silmeniz gerekir.<\/li>\n<\/ul>\n<\/li>\n\n\n\n<li>\u00c7erezlerin kullan\u0131lmas\u0131n\u0131 reddetti\u011finiz takdirde web sayfalar\u0131m\u0131z\u0131n baz\u0131 \u00f6zellikleri kullan\u0131lamayabilir veya fonksiyonlar\u0131 k\u0131s\u0131tlanabilir.<\/li>\n\n\n\n<li>\u00c7erezleri a\u015fa\u011f\u0131daki kategorilere ay\u0131r\u0131yoruz:\n<ul class=\"wp-block-list\">\n<li>Zorunlu \u00e7erezler (Tip 1) \u00a0 \u00a0 \u00a0 \u00a0Bu \u00e7erezler, web sayfas\u0131n\u0131n fonksiyonlar\u0131 i\u00e7in kesinlikle gereklidir.<\/li>\n\n\n\n<li>Fonksiyon \u00e7erezleri (Tip 2) \u00a0 \u00a0 \u00a0 \u00a0Bu \u00e7erezler, kullan\u0131m\u0131 kolayla\u015ft\u0131r\u0131r ve web sayfalar\u0131n\u0131n fonksiyonlar\u0131n\u0131 iyile\u015ftirir. \u00d6rne\u011fin dil ayarlar\u0131n\u0131z\u0131 fonksiyon \u00e7erezleri i\u00e7inde kaydederiz.<\/li>\n\n\n\n<li>Performans \u00e7erezleri (Tip 3) \u00a0 \u00a0 \u00a0 \u00a0Bu \u00e7erezler, web sayfalar\u0131m\u0131z\u0131 nas\u0131l kulland\u0131\u011f\u0131n\u0131zla ilgili bilgiler toplar. B\u00f6ylelikle internet sitemizin hangi k\u0131s\u0131mlar\u0131n\u0131n en pop\u00fcler oldu\u011funu tespit edebiliriz. Bu sayede sizlere sundu\u011fumuz hizmetleri iyile\u015ftirebiliriz. Veri korumas\u0131 sekmesi alt\u0131ndaki Veri Gizlili\u011fi metni kapsam\u0131ndaki &#8220;Kullan\u0131m verilerinin de\u011ferlendirilmesi; analiz ara\u00e7lar\u0131n\u0131n kullan\u0131m\u0131&#8221; b\u00f6l\u00fcm\u00fcn\u00fc de okuyabilirsiniz.<\/li>\n\n\n\n<li>\u00dc\u00e7\u00fcnc\u00fc taraf \u00e7erezleri (Tip 4) \u00a0 \u00a0 \u00a0 \u00a0Bu \u00e7erezleri, i\u00e7eriklerini web sayfalar\u0131m\u0131zda sunulan &#8220;Social Plug-in&#8217;ler&#8221; \u00fczerinde entegre edebilece\u011finiz Facebook, Twitter ve Google+ gibi \u00fc\u00e7\u00fcnc\u00fc taraflar ve yard\u0131mlar\u0131yla online pazarlamam\u0131z\u0131 ihtiya\u00e7lar\u0131n\u0131za ve ilgi alanlar\u0131n\u0131za g\u00f6re daha hassas bir \u015fekilde uyarlayabildi\u011fimiz Targeting ve Retargeting ortaklar\u0131m\u0131z olu\u015fturur.<\/li>\n<\/ul>\n<\/li>\n<\/ul>\n\n\n\n<p>\u00c7erezler \u00fczerinden toplanan ki\u015fisel verileriniz, analiz \u00e7erezlerinin i\u015flevlerinin ger\u00e7ekle\u015ftirilmesi amac\u0131yla yurt i\u00e7indeki ve yurt d\u0131\u015f\u0131ndaki analiz ara\u00e7lar\u0131n\u0131n sa\u011flay\u0131c\u0131lar\u0131na ve benzeri i\u015f ortaklar\u0131m\u0131za ve tedarik\u00e7ilerimize aktar\u0131labilecektir.<\/p>\n\n\n\n<p>Ki\u015fisel verisi i\u015flenen ger\u00e7ek ki\u015filerin KVKK\u2019n\u0131n 11. maddesi uyar\u0131ca sahip oldu\u011fu haklar a\u015fa\u011f\u0131daki gibidir:<\/p>\n\n\n\n<ul class=\"wp-block-list\">\n<li>Ki\u015fisel veri i\u015flenip i\u015flenmedi\u011fini \u00f6\u011frenme,<\/li>\n\n\n\n<li>Ki\u015fisel verileri i\u015flenmi\u015fse buna ili\u015fkin bilgi talep etme,<\/li>\n\n\n\n<li>Ki\u015fisel verilerin i\u015flenme amac\u0131n\u0131 ve bunlar\u0131n amac\u0131na uygun kullan\u0131l\u0131p kullan\u0131lmad\u0131\u011f\u0131n\u0131 \u00f6\u011frenme,<\/li>\n\n\n\n<li>Yurt i\u00e7inde veya yurt d\u0131\u015f\u0131nda ki\u015fisel verilerin aktar\u0131ld\u0131\u011f\u0131 \u00fc\u00e7\u00fcnc\u00fc ki\u015fileri bilme,<\/li>\n\n\n\n<li>Ki\u015fisel verilerin eksik veya yanl\u0131\u015f i\u015flenmi\u015f olmas\u0131 h\u00e2linde bunlar\u0131n d\u00fczeltilmesini isteme ve bu kapsamda yap\u0131lan i\u015flemin ki\u015fisel verilerin aktar\u0131ld\u0131\u011f\u0131 \u00fc\u00e7\u00fcnc\u00fc ki\u015filere bildirilmesini isteme,<\/li>\n\n\n\n<li>KVKK ve ilgili di\u011fer kanun h\u00fck\u00fcmlerine uygun olarak i\u015flenmi\u015f olmas\u0131na ra\u011fmen, i\u015flenmesini gerektiren sebeplerin ortadan kalkmas\u0131 h\u00e2linde ki\u015fisel verilerin silinmesini veya yok edilmesini isteme ve bu kapsamda yap\u0131lan i\u015flemin ki\u015fisel verilerin aktar\u0131ld\u0131\u011f\u0131 \u00fc\u00e7\u00fcnc\u00fc ki\u015filere bildirilmesini isteme,<\/li>\n\n\n\n<li>\u0130\u015flenen verilerin m\u00fcnhas\u0131ran otomatik sistemler vas\u0131tas\u0131yla analiz edilmesi suretiyle ki\u015finin kendisi aleyhine bir sonucun ortaya \u00e7\u0131kmas\u0131na itiraz etme,<\/li>\n\n\n\n<li>Ki\u015fisel verilerin kanuna ayk\u0131r\u0131 olarak i\u015flenmesi sebebiyle zarara u\u011framas\u0131 h\u00e2linde zarar\u0131n giderilmesini talep etme.<\/li>\n<\/ul>","protected":false},"excerpt":{"rendered":"<p>Kullan\u0131c\u0131lar\u0131n ilgi alanlar\u0131n\u0131 ve web sayfalar\u0131m\u0131z\u0131n en pop\u00fcler b\u00f6l\u00fcmlerini tespit etmek ve bu bilgilerle web sayfalar\u0131n\u0131n tasar\u0131m\u0131n\u0131 iyile\u015ftirmek ve kullan\u0131c\u0131 dostu bir hale getirmek i\u00e7in \u00e7erez ve HTML5 Storage veya Local Shared Objects&#8230;<\/p>","protected":false},"author":1,"featured_media":0,"parent":0,"menu_order":0,"comment_status":"closed","ping_status":"closed","template":"","meta":{"footnotes":""},"class_list":["post-1714","page","type-page","status-publish","hentry"],"_links":{"self":[{"href":"http:\/\/ctmlog.com\/en\/wp-json\/wp\/v2\/pages\/1714"}],"collection":[{"href":"http:\/\/ctmlog.com\/en\/wp-json\/wp\/v2\/pages"}],"about":[{"href":"http:\/\/ctmlog.com\/en\/wp-json\/wp\/v2\/types\/page"}],"author":[{"embeddable":true,"href":"http:\/\/ctmlog.com\/en\/wp-json\/wp\/v2\/users\/1"}],"replies":[{"embeddable":true,"href":"http:\/\/ctmlog.com\/en\/wp-json\/wp\/v2\/comments?post=1714"}],"version-history":[{"count":1,"href":"http:\/\/ctmlog.com\/en\/wp-json\/wp\/v2\/pages\/1714\/revisions"}],"predecessor-version":[{"id":1715,"href":"http:\/\/ctmlog.com\/en\/wp-json\/wp\/v2\/pages\/1714\/revisions\/1715"}],"wp:attachment":[{"href":"http:\/\/ctmlog.com\/en\/wp-json\/wp\/v2\/media?parent=1714"}],"curies":[{"name":"wp","href":"https:\/\/api.w.org\/{rel}","templated":true}]}}