{"id":1716,"date":"2024-08-01T15:01:35","date_gmt":"2024-08-01T12:01:35","guid":{"rendered":"https:\/\/ctmlog.com\/?page_id=1716"},"modified":"2024-08-01T15:01:37","modified_gmt":"2024-08-01T12:01:37","slug":"kisisel-verilerin-korunmasi-kanunu","status":"publish","type":"page","link":"http:\/\/ctmlog.com\/en\/kisisel-verilerin-korunmasi-kanunu\/","title":{"rendered":"ki\u015fisel verilerin korunmas\u0131 kanunu"},"content":{"rendered":"<h3 class=\"wp-block-heading\">Veri Gizlili\u011fi<\/h3>\n\n\n\n<p>Web sitemizi ziyaretinizden, \u015firketimize ve \u00fcr\u00fcnlerimize g\u00f6sterdi\u011finiz ilgiden mutluluk duyar. Biz, sizin \u00f6zel bilgilerinizin korunmas\u0131 konusunu ciddiye almaktay\u0131z ve internet sitemizi ziyaretinizde kendinizi g\u00fcvende hissetmenizi istemekteyiz. Ki\u015fisel bilgilerinizin i\u015flenmesinde \u00f6zel alan\u0131n\u0131z\u0131n korunmas\u0131, i\u015f s\u00fcre\u00e7lerimizde dikkate ald\u0131\u011f\u0131m\u0131z ve \u00f6nemle \u00fczerinde durdu\u011fumuz bir konudur. Web sitemizin ziyaret edilmesi s\u0131ras\u0131nda kaydedilen ki\u015fisel bilgiler sorumlu birimin bulundu\u011fu \u00fclkede y\u00fcr\u00fcrl\u00fckte olan veri g\u00fcvenli\u011fi kurallar\u0131 do\u011frultusunda i\u015flenmektedir. Veri g\u00fcvenli\u011fi politikam\u0131z ayr\u0131ca&nbsp;firmam\u0131z i\u00e7in ge\u00e7erli olan Veri G\u00fcvenli\u011fi Davran\u0131\u015f Kurallar\u0131\u00b4n\u0131 kapsamaktad\u0131r. Web sitemiz, s\u00f6z\u00fc ge\u00e7en veri g\u00fcvenli\u011fi a\u00e7\u0131klamas\u0131 olmayan ba\u015fka sunucular\u0131n web sitelerine linkler de i\u00e7erebilir.<\/p>\n\n\n\n<h3 class=\"wp-block-heading\">Ki\u015fisel Verilerin Korunmas\u0131 Politikas\u0131<\/h3>\n\n\n\n<p>\u015eirketimiz taraf\u0131ndan \u015eirketi Ki\u015fisel Verilerin Korunmas\u0131 ve \u0130\u015flenmesi Politikas\u0131\u2019na uygun olarak ve a\u015fa\u011f\u0131da yer alan Ayd\u0131nlatma Metni kapsam\u0131nda ki\u015fisel verileriniz m\u00fc\u015fteri kayd\u0131 olu\u015fturulmas\u0131 ve bu kapsamda; \u00fcr\u00fcn ve hizmetlerin sizlerin be\u011feni, kullan\u0131m al\u0131\u015fkanl\u0131klar\u0131 ve ihtiya\u00e7lar\u0131na g\u00f6re \u00f6zelle\u015ftirilerek sizlere \u00f6nerilmesi ile sat\u0131\u015f ve pazarlama faaliyetleri amac\u0131yla i\u015flenecektir.<\/p>\n\n\n\n<h4 class=\"wp-block-heading\">a.&nbsp;Veri Sorumlusu ve Temsilcisi&nbsp; &nbsp;<\/h4>\n\n\n\n<p>6698 say\u0131l\u0131 Ki\u015fisel Verilerin Korunmas\u0131 Kanunu (\u201c6698 say\u0131l\u0131 Kanun\u201d) uyar\u0131nca, ki\u015fisel verileriniz; veri sorumlusu olarak firmam\u0131z taraf\u0131ndan a\u015fa\u011f\u0131da a\u00e7\u0131klanan kapsamda i\u015flenebilecektir.<\/p>\n\n\n\n<h4 class=\"wp-block-heading\">b.&nbsp;Ki\u015fisel Verilerin Hangi Ama\u00e7la \u0130\u015flenece\u011fi&nbsp;<\/h4>\n\n\n\n<p>Toplanan ki\u015fisel verileriniz, ki\u015fisel verilerinizi bizlere a\u00e7\u0131klaman\u0131za konu olan; m\u00fc\u015fteri ili\u015fkilerinin y\u00fcr\u00fct\u00fclmesi, m\u00fc\u015fteri ileti\u015fim bilgilerinin g\u00fcncellenmesi, sat\u0131\u015f kay\u0131tlar\u0131n\u0131n sistemde a\u00e7\u0131lmas\u0131, sat\u0131\u015f ve sat\u0131\u015f sonras\u0131na ili\u015fkin y\u00fck\u00fcml\u00fcl\u00fcklerin yerine getirilmesi kapsam\u0131nda ilgili s\u00fcre\u00e7lerin y\u00fcr\u00fct\u00fclmesi, sat\u0131\u015fa ba\u011fl\u0131 faturaland\u0131rma faaliyetleri dahil olmak \u00fczere mali i\u015flemlerin y\u00fcr\u00fct\u00fclmesi ile ilgilenilen model hakk\u0131nda yetkili ki\u015filerin ileti\u015fime ge\u00e7ilmesinin sa\u011flanmas\u0131 ama\u00e7lar\u0131yla ve ayr\u0131ca \u015eirketimiz taraf\u0131ndan sunulan \u00fcr\u00fcn ve hizmetlerden sizleri faydaland\u0131rmak i\u00e7in gerekli \u00e7al\u0131\u015fmalar\u0131n i\u015f birimlerimiz taraf\u0131ndan yap\u0131lmas\u0131 ve bu kapsamda ara\u00e7 test s\u00fcr\u00fc\u015flerinin d\u00fczenlenmesi, \u015eirketimiz taraf\u0131ndan sunulan \u00fcr\u00fcn ve hizmetlerin sizlerin be\u011feni, kullan\u0131m al\u0131\u015fkanl\u0131klar\u0131 ve ihtiya\u00e7lar\u0131na g\u00f6re \u00f6zelle\u015ftirilerek sizlere \u00f6nerilmesi; \u015eirketimizin ve \u015eirketimizle i\u015f ili\u015fkisi i\u00e7erisinde olan ki\u015filerin hukuki ve ticari g\u00fcvenli\u011finin temini; \u015eirketimizin ticari ve i\u015f stratejilerinin belirlenmesi ve uygulanmas\u0131 ama\u00e7lar\u0131yla 6698 say\u0131l\u0131 Kanun\u2019un 5. ve 6. maddelerinde belirtilen ki\u015fisel veri i\u015fleme \u015fartlar\u0131 ve ama\u00e7lar\u0131 dahilinde i\u015flenecektir.<\/p>\n\n\n\n<h4 class=\"wp-block-heading\">c. \u0130\u015flenen Ki\u015fisel Verilerin Kimlere ve Hangi Ama\u00e7la Aktar\u0131labilece\u011fi:<\/h4>\n\n\n\n<p>Toplanan ki\u015fisel verileriniz; m\u00fc\u015fteri ili\u015fkilerinin y\u00fcr\u00fct\u00fclmesi, m\u00fc\u015fteri ileti\u015fim bilgilerinin g\u00fcncellenmesi, sat\u0131\u015f kay\u0131tlar\u0131n\u0131n sistemde a\u00e7\u0131lmas\u0131 ve bu \u00e7er\u00e7evede, sat\u0131\u015fa ba\u011fl\u0131 faturaland\u0131rma faaliyetleri dahil olmak \u00fczere mali i\u015flemlerin y\u00fcr\u00fct\u00fclmesi ile ilgilenilen model hakk\u0131nda yetkili ki\u015filerin ileti\u015fime ge\u00e7ilmesinin sa\u011flanmas\u0131 ama\u00e7lar\u0131yla ve \u015eirketimiz taraf\u0131ndan sunulan \u00fcr\u00fcn ve hizmetlerden sizleri faydaland\u0131rmak i\u00e7in gerekli \u00e7al\u0131\u015fmalar\u0131n i\u015f birimlerimiz taraf\u0131ndan yap\u0131lmas\u0131; \u015eirketimiz taraf\u0131ndan sunulan \u00fcr\u00fcn ve hizmetlerin sizlerin be\u011feni, kullan\u0131m al\u0131\u015fkanl\u0131klar\u0131 ve ihtiya\u00e7lar\u0131na g\u00f6re \u00f6zelle\u015ftirilerek sizlere \u00f6nerilmesi; \u015eirketimizin ve \u015eirketimizle i\u015f ili\u015fkisi i\u00e7erisinde olan ki\u015filerin hukuki ve ticari g\u00fcvenli\u011finin temini; \u015eirketimizin ticari ve i\u015f stratejilerinin belirlenmesi ve uygulanmas\u0131 ama\u00e7lar\u0131yla; i\u015f ortaklar\u0131m\u0131za, tedarik\u00e7ilerimize, hissedarlar\u0131m\u0131za, i\u015ftiraklerimize, kanunen yetkili kamu kurumlar\u0131na, \u00f6zel ki\u015filere Verilerin Korunmas\u0131 ve \u0130\u015flenmesi Politikas\u0131nda belirtilen ama\u00e7larla s\u0131n\u0131rl\u0131 olarak da aktar\u0131labilecektir.<\/p>\n\n\n\n<h4 class=\"wp-block-heading\">d.&nbsp;Ki\u015fisel Veri Toplaman\u0131n Y\u00f6ntemi ve Hukuki Sebebi&nbsp;<\/h4>\n\n\n\n<p>Ki\u015fisel verileriniz \u015eirketimiz taraf\u0131ndan farkl\u0131 kanallar ve farkl\u0131 hukuki sebeplere dayanarak; sundu\u011fumuz \u00fcr\u00fcn ile hizmetleri geli\u015ftirmek ve ticari faaliyetlerimizi y\u00fcr\u00fctmek amac\u0131yla toplanmaktad\u0131r. Bu s\u00fcre\u00e7te toplanan ki\u015fisel verileriniz; fiziki ortamda ve internet ortam\u0131nda internet sitemiz kanallar\u0131yla, pazarlama faaliyetlerini ger\u00e7ekle\u015ftirebilmemiz ve bu \u00e7er\u00e7evede onay\u0131n\u0131z\u0131n elde edilmesine ili\u015fkin y\u00fck\u00fcml\u00fcl\u00fcklerimizi yerine getirmek hukuki sebebiyle toplanmaktad\u0131r. Bu hukuki sebeple toplanan ki\u015fisel verileriniz 6698 say\u0131l\u0131 Kanunun 5. ve 6. maddelerinde belirtilen ki\u015fisel veri i\u015fleme \u015fartlar\u0131 ve ama\u00e7lar\u0131 kapsam\u0131nda Ayd\u0131nlatma Metninin (b) ve (c) maddelerinde belirtilen ama\u00e7larla da i\u015flenebilmekte ve aktar\u0131labilmektedir.<\/p>\n\n\n\n<h4 class=\"wp-block-heading\">e.&nbsp;Ki\u015fisel Veri Sahibinin 6698 say\u0131l\u0131 Kanun\u2019un 11. maddesinde Say\u0131lan Haklar\u0131<\/h4>\n\n\n\n<p>Ki\u015fisel veri sahipleri olarak, haklar\u0131n\u0131za ili\u015fkin taleplerinizi iletmeniz halinde, talebin niteli\u011fine g\u00f6re talebi en k\u0131sa s\u00fcrede \u00fccretsiz olarak sonu\u00e7land\u0131racakt\u0131r. Ancak, i\u015flemin ayr\u0131ca bir maliyeti gerektirmesi h\u00e2linde, bu ek \u00fccret taraf\u0131n\u0131zdan al\u0131nacakt\u0131r. Bu kapsamda ki\u015fisel veri sahipleri;<\/p>\n\n\n\n<ul class=\"wp-block-list\">\n<li>Ki\u015fisel veri i\u015flenip i\u015flenmedi\u011fini \u00f6\u011frenme,<\/li>\n\n\n\n<li>Ki\u015fisel verileri i\u015flenmi\u015fse buna ili\u015fkin bilgi talep etme,<\/li>\n\n\n\n<li>Ki\u015fisel verilerin i\u015flenme amac\u0131n\u0131 ve bunlar\u0131n amac\u0131na uygun kullan\u0131l\u0131p kullan\u0131lmad\u0131\u011f\u0131n\u0131 \u00f6\u011frenme,<\/li>\n\n\n\n<li>Yurt i\u00e7inde veya yurt d\u0131\u015f\u0131nda ki\u015fisel verilerin aktar\u0131ld\u0131\u011f\u0131 \u00fc\u00e7\u00fcnc\u00fc ki\u015fileri bilme,<\/li>\n\n\n\n<li>Ki\u015fisel verilerin eksik veya yanl\u0131\u015f i\u015flenmi\u015f olmas\u0131 h\u00e2linde bunlar\u0131n d\u00fczeltilmesini isteme ve bu kapsamda yap\u0131lan i\u015flemin ki\u015fisel verilerin aktar\u0131ld\u0131\u011f\u0131 \u00fc\u00e7\u00fcnc\u00fc ki\u015filere bildirilmesini isteme,<\/li>\n\n\n\n<li>6698 say\u0131l\u0131 Kanun ve ilgili di\u011fer kanun h\u00fck\u00fcmlerine uygun olarak i\u015flenmi\u015f olmas\u0131na ra\u011fmen, i\u015flenmesini gerektiren sebeplerin ortadan kalkmas\u0131 h\u00e2linde ki\u015fisel verilerin silinmesini veya yok edilmesini isteme ve bu kapsamda yap\u0131lan i\u015flemin ki\u015fisel verilerin aktar\u0131ld\u0131\u011f\u0131 \u00fc\u00e7\u00fcnc\u00fc ki\u015filere bildirilmesini isteme,<\/li>\n\n\n\n<li>\u00a0 \u0130\u015flenen verilerin m\u00fcnhas\u0131ran otomatik sistemler vas\u0131tas\u0131yla analiz edilmesi suretiyle ki\u015finin kendisi aleyhine bir sonucun ortaya \u00e7\u0131kmas\u0131na itiraz etme,<\/li>\n\n\n\n<li>Ki\u015fisel verilerin kanuna ayk\u0131r\u0131 olarak i\u015flenmesi sebebiyle zarara u\u011framan\u0131z h\u00e2linde zarar\u0131n giderilmesini talep etme, haklar\u0131na sahiptir.<\/li>\n<\/ul>\n\n\n\n<h3 class=\"wp-block-heading\">Se\u00e7me Olanaklar\u0131<\/h3>\n\n\n\n<p>Verilerinizden, sizi \u00fcr\u00fcnlerimiz ve hizmetlerimiz konusunda bilgilendirebilmek ve gerekti\u011finde bu konularda size dan\u0131\u015fabilmek amac\u0131 ile yararlanmak arzusunday\u0131z. Do\u011fal olarak bu t\u00fcr etkinliklere kat\u0131l\u0131p kat\u0131lmamak tamamen sizin se\u00e7iminizdir. Bu konuda onay vermemeniz durumunda bunu her an bildirebilirsiniz; biz de bilgilerinizi gerekti\u011fi \u015fekilde eri\u015fime kapal\u0131 tutar\u0131z.<\/p>\n\n\n\n<p>Konu ile ilgili daha ayr\u0131nt\u0131l\u0131 bilgiyi web sitelerinde bulabilirsiniz.<\/p>\n\n\n\n<h3 class=\"wp-block-heading\">Cookieler<\/h3>\n\n\n\n<p>Web sitemizin ziyaret\u00e7ilerin tercihlerini izleyebilmek ve web sitesini bu do\u011frultuda en iyi bi\u00e7imde tasarlayabilmek i\u00e7in cookieler kullanmaktad\u0131r. Cookieler, bilgisayar\u0131n\u0131z\u0131n sabit diskine b\u0131rak\u0131lan k\u00fc\u00e7\u00fck dosyalard\u0131r. Bu, navigasyonu kolayla\u015ft\u0131r\u0131r ve web sitesinin \u00e7ok daha rahat kullan\u0131lmas\u0131n\u0131 sa\u011flar. Cookieler ayn\u0131 zamanda bizim internet sitemizde en pop\u00fcler olan alanlar\u0131 saptamam\u0131za yard\u0131mc\u0131 olmaktad\u0131r. B\u00f6ylelikle internet sitelerimizin i\u00e7eriklerini sizin gereksinimlerinizi daha iyi kar\u015f\u0131layacak bi\u00e7imde olu\u015fturabilir, dolay\u0131s\u0131yla size sundu\u011fumuz hizmeti de iyile\u015ftirebiliriz. Cookieler, sizin bilgisayar\u0131n\u0131zdan daha \u00f6nce sayfalar\u0131m\u0131za eri\u015filip eri\u015filmedi\u011fini saptamak i\u00e7in de kullan\u0131labilir. Sadece bilgisayarn\u0131z\u0131n \u00fczerindeki cookie tan\u0131n\u0131yor. Ki\u015fiye \u00f6zg\u00fc veriler sizin onaylaman\u0131z ko\u015fuluyla cookie\u00b4lere kaydediliyor, bu \u00f6rne\u011fin, kullan\u0131c\u0131 ID\u00b4nizi ve \u015fifrenizi tekrar girmemek i\u00e7in korumal\u0131&nbsp;bir \u00e7evrimi\u00e7i eri\u015fiminden yararland\u0131\u011f\u0131n\u0131z zaman ge\u00e7erli olabiliyor.<\/p>\n\n\n\n<p>Tabii ki web sitemize cookie\u00b4siz de ula\u015fabilirsiniz.&nbsp;\u0130nternet taray\u0131c\u0131lar\u0131n\u0131n \u00e7o\u011fu cookieleri otomatik olarak kabul etmektedir. Cookielerin bilgisayar\u0131n\u0131z\u0131n sabit diskine kaydedilmesini,&nbsp;taray\u0131c\u0131 ayarlar\u0131nda *cookie engelle* ayar\u0131n\u0131 se\u00e7erek engelleyebilirsiniz. Bunun nas\u0131l i\u015fledi\u011fini ayr\u0131nt\u0131l\u0131 olarak \u00f6\u011frenmek isterseniz&nbsp;taray\u0131c\u0131 \u00fcreticinizin haz\u0131rlad\u0131\u011f\u0131 el kitap\u00e7\u0131\u011f\u0131n\u0131 okuman\u0131z\u0131 \u00f6neririz. Bilgisayar\u0131n\u0131zda daha \u00f6nce kaydedilmi\u015f cookieleri her an silebilirsiniz. Ancak cookie kabul etmemeniz hizmetlerimizde i\u015flevlerin k\u0131s\u0131tlanmas\u0131na yol a\u00e7abilir.<\/p>\n\n\n\n<h3 class=\"wp-block-heading\">G\u00fcvenlik<\/h3>\n\n\n\n<p>Firmam\u0131z, taraf\u0131m\u0131zdan y\u00f6netilen ki\u015fisel verilerinizi, manip\u00fclasyona u\u011framamalar\u0131, kaybolmamalar\u0131, hasar g\u00f6rmemeleri ve yetkisi olmayan ki\u015filerce kullan\u0131lmamalar\u0131 i\u00e7in koruma amac\u0131 ile teknik ve organizasyonel a\u00e7\u0131dan g\u00fcvenlik \u00f6nlemleri uygulamaktad\u0131r. G\u00fcvenlik \u00f6nlemlerimiz teknolojik ilerlemeler ile birlikte s\u00fcrekli geli\u015fme i\u00e7ersindedir.&nbsp;<\/p>\n\n\n\n<h3 class=\"wp-block-heading\">Bilgi Alma Hakk\u0131<\/h3>\n\n\n\n<p>Firmam\u0131z, talebiniz \u00fczerine olabildi\u011fince h\u0131zl\u0131 ve yaz\u0131l\u0131 olarak y\u00fcr\u00fcrl\u00fckteki yasalar uyar\u0131nca, ki\u015fisel verilerinizin bizde kay\u0131tl\u0131 olup olmad\u0131\u011f\u0131n\u0131 veya hangilerinin kay\u0131t edildi\u011fini bildirmektedir. Kullan\u0131c\u0131 olarak kay\u0131tl\u0131 iseniz, size verileri g\u00f6rme ve gerekti\u011finde silme ya da de\u011fi\u015ftirme olana\u011f\u0131 tan\u0131nmaktad\u0131r. Bilgilerin do\u011frulu\u011fu ve g\u00fcncelli\u011fiyle ilgili \u00e7abalar\u0131m\u0131za kar\u015f\u0131n yanl\u0131\u015f bilgiler kay\u0131t edilmi\u015f ise, bu yanl\u0131\u015flar sizin uyar\u0131n\u0131z \u00fczerine d\u00fczeltilmektedir.<\/p>\n\n\n\n<p>Ki\u015fisel bilgilerinizin i\u015flenmesiyle ilgili sorular\u0131n\u0131z var ise \u015firkette veri g\u00fcvenli\u011finden sorumlu yetkiliye ba\u015fvurabilirsiniz. Kendisine ve ekibine bilgi alma talebiniz, \u00f6neri ya da \u015fikayetiniz oldu\u011funda da ula\u015fabilirsiniz.<\/p>","protected":false},"excerpt":{"rendered":"<p>Veri Gizlili\u011fi Web sitemizi ziyaretinizden, \u015firketimize ve \u00fcr\u00fcnlerimize g\u00f6sterdi\u011finiz ilgiden mutluluk duyar. Biz, sizin \u00f6zel bilgilerinizin korunmas\u0131 konusunu ciddiye almaktay\u0131z ve internet sitemizi ziyaretinizde kendinizi g\u00fcvende hissetmenizi istemekteyiz. Ki\u015fisel bilgilerinizin i\u015flenmesinde \u00f6zel alan\u0131n\u0131z\u0131n&#8230;<\/p>","protected":false},"author":1,"featured_media":0,"parent":0,"menu_order":0,"comment_status":"closed","ping_status":"closed","template":"","meta":{"footnotes":""},"class_list":["post-1716","page","type-page","status-publish","hentry"],"_links":{"self":[{"href":"http:\/\/ctmlog.com\/en\/wp-json\/wp\/v2\/pages\/1716"}],"collection":[{"href":"http:\/\/ctmlog.com\/en\/wp-json\/wp\/v2\/pages"}],"about":[{"href":"http:\/\/ctmlog.com\/en\/wp-json\/wp\/v2\/types\/page"}],"author":[{"embeddable":true,"href":"http:\/\/ctmlog.com\/en\/wp-json\/wp\/v2\/users\/1"}],"replies":[{"embeddable":true,"href":"http:\/\/ctmlog.com\/en\/wp-json\/wp\/v2\/comments?post=1716"}],"version-history":[{"count":1,"href":"http:\/\/ctmlog.com\/en\/wp-json\/wp\/v2\/pages\/1716\/revisions"}],"predecessor-version":[{"id":1717,"href":"http:\/\/ctmlog.com\/en\/wp-json\/wp\/v2\/pages\/1716\/revisions\/1717"}],"wp:attachment":[{"href":"http:\/\/ctmlog.com\/en\/wp-json\/wp\/v2\/media?parent=1716"}],"curies":[{"name":"wp","href":"https:\/\/api.w.org\/{rel}","templated":true}]}}