{"id":415,"date":"2015-11-17T04:19:36","date_gmt":"2015-11-17T04:19:36","guid":{"rendered":"http:\/\/logistics.stylemixthemes.com\/\/?page_id=415"},"modified":"2024-08-14T23:29:40","modified_gmt":"2024-08-14T20:29:40","slug":"hakkimizda","status":"publish","type":"page","link":"http:\/\/ctmlog.com\/en\/hakkimizda\/","title":{"rendered":"About Us"},"content":{"rendered":"<div class=\"wpb-content-wrapper\"><div class=\"vc_row wpb_row vc_row-fluid\"><div class=\"wpb_column vc_column_container vc_col-sm-12\"><div class=\"vc_column-inner\"><div class=\"wpb_wrapper\"><div class=\"vc_row wpb_row vc_inner vc_row-fluid vc_custom_1449140720718\"><div class=\"wpb_column vc_column_container vc_col-sm-12\"><div class=\"vc_column-inner\"><div class=\"wpb_wrapper\">\n\t<div class=\"wpb_text_column wpb_content_element  vc_custom_1722513195488\" >\n\t\t<div class=\"wpb_wrapper\">\n\t\t\t<h4 class=\"title\" style=\"text-align: center;\">Who are we?<\/h4>\n<p>We are a young, dynamic and solution-oriented organization that manages international transportation operations in all transportation models and offers integrated logistics services. We work diligently and passionately 24\/7 to add value to our valued customers and our country's economy in the logistics industry.<\/p>\n<div class=\"featuredbox-number\">\n<div class=\"featured-icon-box icon-align-before-content style4\">\n<div class=\"featured-content\">\n<div class=\"featured-desc\">\n<p><b>CTM<\/b>\u00a0We invest in technology and people in order to increase our service quality, without deviating from the principle of reliability; By ensuring a constantly high standard workflow, we always offer logistics solutions with dynamic performance. Thanks to our strong agency network and international sectoral connections, we provide service to many points at home and abroad.<\/p>\n<\/div>\n<\/div>\n<\/div>\n<div class=\"featured-icon-box icon-align-before-content style4\">\n<div class=\"featured-content\">\n<div class=\"featured-desc\">\n<p><strong>Our mission<\/strong>,To provide the best service to our customers by adhering to law, economic and moral principles, by gaining the trust of all stakeholders operating in our sector. We contribute to our country's economy with our logistics solutions with dynamic performance. With our solution-oriented approach, we serve many ports of the world as a solution partner of both national and international companies.<\/p>\n<\/div>\n<\/div>\n<\/div>\n<div class=\"featured-icon-box icon-align-before-content style4\">\n<div class=\"featured-content\">\n<div class=\"featured-desc\">\n<p><strong>Our Vision<\/strong>,We continue our journey with the aim of becoming an internationally leading company in maritime transportation by adopting a technological, rational, principled and responsible approach that constantly improves the service quality in the logistics sector.<\/p>\n<\/div>\n<\/div>\n<\/div>\n<\/div>\n\n\t\t<\/div>\n\t<\/div>\n<\/div><\/div><\/div><\/div><\/div><\/div><\/div><\/div><div class=\"vc_row wpb_row vc_row-fluid\"><div class=\"wpb_column vc_column_container vc_col-sm-12\"><div class=\"vc_column-inner\"><div class=\"wpb_wrapper\">\n\t<div class=\"wpb_raw_code wpb_content_element wpb_raw_html\" >\n\t\t<div class=\"wpb_wrapper\">\n\t\t\t\r\n<!-- Bootstrap CSS v5.2.1 -->\r\n<link href=\"https:\/\/cdn.jsdelivr.net\/npm\/bootstrap@5.3.2\/dist\/css\/bootstrap.min.css\" rel=\"stylesheet\"  crossorigin=\"anonymous\" \/>\r\n\r\n<style>\r\n\r\n    .detail_container{\r\n        z-index: 1;\r\n        transition: 0.4s ease all; \r\n      \r\n    }\r\n    .detail_container:hover{\r\n        transform: scale(1.1);\r\n    }\r\n    div#hover_cards {\r\n        max-width: fit-content;\r\n        \/*margin-left: 0; *\/\r\n    }\r\n\r\n\r\n    svg {\r\n        transition: 0.4s ease all;\r\n    }\r\n\r\n    .card_ {\r\n        background-image: url(\"https:\/\/ctmlog.com\/wp-content\/uploads\/revslider\/slider_3.jpg\");\r\n        background-size: cover;\r\n        background-position: center;\r\n        transition: background-image 0.4s ease-in-out;\r\n        height: 500px;\r\n\r\n    }\r\n\r\n    .card_first,\r\n    .card_second,\r\n    .card_three,\r\n    .card_four,\r\n    .card_five {\r\n        cursor: pointer;\r\n        background: rgba(0, 0, 0, 0.5);\r\n        height: 500px;\r\n    }\r\n\r\n    .card_first,\r\n    .card_second,\r\n    .card_three,\r\n    .card_four,\r\n    .card_five {\r\n        position: relative;\r\n        overflow: hidden;\r\n\r\n    }\r\n\r\n    .card_first::before,\r\n    .card_second::before,\r\n    .card_three::before,\r\n    .card_four::before,\r\n    .card_five::before {\r\n        content: '';\r\n        position: absolute;\r\n        top: 0;\r\n        left: 0;\r\n\r\n\r\n        width: 100%;\r\n        height: 100%;\r\n        background: rgba(0, 0, 0, 0.2);\r\n        \/* Koyu karartma rengi ve opakl\u0131\u011f\u0131 *\/\r\n        opacity: 0;\r\n        transition: opacity 0.3s ease;\r\n    }\r\n\r\n    .card_first:hover::before,\r\n    .card_second:hover::before,\r\n    .card_three:hover::before,\r\n    .card_four:hover::before,\r\n    .card_five:hover::before {\r\n        opacity: 1;\r\n\r\n        \/* Hover oldu\u011funda karartman\u0131n g\u00f6r\u00fcn\u00fcr hale gelmesi *\/\r\n    }\r\n\r\n    .hover_icon_div {\r\n        justify-content: start !important;\r\n\r\n    }\r\n<\/style>\r\n\r\n    <main>\r\n        <div id=\"hover_cards\" class=\"container card_ my-3 d-none d-lg-block\">\r\n            <div class=\"row d-flex justify-content-between\">\r\n\r\n                <div class=\"col me-1 p-0 m-0 px-1 card_four text-white shadow d-flex flex-column justify-content-center container hover_icon_div\">\r\n                    <div style=\"z-index: 999;\" class=\"text-decoration-none text-white card_link\" data-path=\"deniz-yolu-tasimaciligi\/\">\r\n                        <div>\r\n                            <p>\r\n                            <ul class=\"list-unstyled\">\r\n                                <li class=\"mb-2 text-center\">\r\n                                    <a style=\"font-size:22px !important\" href=\"#\" class=\"text-decoration-none text-white\">Ocean Freight<br \/>Transportation<\/a>\r\n                                <\/li>\r\n                            <\/ul>\r\n                            <\/p>\r\n                            <div class=\"container d-flex justify-content-center p-0 m-0\">\r\n                                <hr style=\"height: 5px; border: none; width: 75%; background-color: #ffff;\">\r\n                            <\/div>\r\n                        <\/div>\r\n                        <div class=\"container d-flex justify-content-center py-4\">\r\n                            <i style=\"font-size:80px;\" class=\"stm-ship hover_icons_four\"><\/i>\r\n                        <\/div>\r\n                        <div class=\"container\">\r\n                            <p class=\"hover_paragraf\">With our experienced and expert team in the field of international sea transportation, we solve even the most challenging and complex logistics needs smoothly with our creative approaches. We manage all the supply processes necessary for sea transportation to safely deliver your cargo to ports around the world.<\/p>\r\n                        <\/div>\r\n                    <\/div>\r\n                <\/div>\r\n                <div class=\"col me-1 p-0 m-0 px-1 card_first text-white shadow d-flex flex-column justify-content-center hover_icon_div\">\r\n                    <div style=\"z-index: 999;\" class=\"text-decoration-none text-white card_link\" href=\"#\" data-path=\"kara-yolu-tasimaciligi\/\">\r\n                        <div>\r\n                            <p>\r\n                            <ul class=\"list-unstyled\">\r\n                                <li class=\"mb-2 text-center\">\r\n                                    <a style=\"font-size:22px !important\" href=\"#\" class=\"text-decoration-none text-white\">Road<br \/>Transportation<\/a>\r\n                                <\/li>\r\n                            <\/ul>\r\n                            <\/p>\r\n                            <div class=\"container d-flex justify-content-center p-0 m-0\">\r\n                                <hr style=\"height: 5px; border: none; width: 75%; background-color: #ffff;\">\r\n                            <\/div>\r\n                        <\/div>\r\n                        <div class=\"container d-flex justify-content-center py-4\">\r\n                            <i style=\"font-size:80px;\" class=\"stm-transport842 hover_icons_first\"><\/i>\r\n                        <\/div>\r\n                        <div class=\"container\">\r\n                            <p class=\"hover_paragraf\">With our solution-oriented approach, operational experience, and unlimited support, we are always by your side for domestic or international road transportation. Our expert team continues to deliver your products in road transportation with cost-effective, flexible, and creative solutions.<\/p>\r\n                        <\/div>\r\n                    <\/div>\r\n                <\/div>\r\n                <div class=\"col me-1 p-0 m-0 px-1 card_second text-white shadow d-flex flex-column justify-content-center hover_icon_div\">\r\n                    <div style=\"z-index: 999;\" class=\"text-decoration-none text-white card_link\" href=\"#\" data-path=\"hava-yolu-tasimaciligi\/\">\r\n                        <div>\r\n                            <p>\r\n                            <ul class=\"list-unstyled\">\r\n                                <li class=\"mb-2 text-center\">\r\n                                    <a style=\"font-size:22px !important\" href=\"#\" class=\"text-decoration-none text-white\">Air Freight<\/br>Transportation<\/a>\r\n                                <\/li>\r\n                            <\/ul>\r\n                            <\/p>\r\n                            <div class=\"container d-flex justify-content-center p-0 m-0\">\r\n                                <hr style=\"height: 5px; border: none; width: 75%; background-color: #ffff;\">\r\n                            <\/div>\r\n                        <\/div>\r\n                        <div class=\"container d-flex justify-content-center py-4\">\r\n                            <i style=\"font-size:80px;\" class=\"stm-transport839 hover_icons_second\"><\/i>\r\n                        <\/div>\r\n                        <div class=\"container\">\r\n                            <p class=\"hover_paragraf\">Our company stands by your side, offering high-standard international air freight transportation services to meet the global requirements of your business.<\/p>\r\n                        <\/div>\r\n                    <\/div>\r\n                <\/div>\r\n                <div class=\"col me-1 p-0 m-0 px-1 card_three text-white shadow d-flex flex-column justify-content-center hover_icon_div\">\r\n                    <div style=\"z-index: 999;\" class=\"text-decoration-none text-white card_link\" href=\"#\" data-path=\"proje-kargo-tasimaciligi\/\">\r\n                        <div>\r\n                            <p>\r\n                            <ul class=\"list-unstyled\">\r\n                                <li class=\"mb-2 text-center\">\r\n                                    <a style=\"font-size:22px !important\" href=\"#\" class=\"text-decoration-none text-white\">Project Cargo<br \/>Transportation<\/a>\r\n                                <\/li>\r\n                            <\/ul>\r\n                            <\/p>\r\n                            <div class=\"container d-flex justify-content-center p-0 m-0\">\r\n                                <hr style=\"height: 5px; border: none; width: 75%; background-color: #ffff;\">\r\n                            <\/div>\r\n                        <\/div>\r\n                        <div class=\"container d-flex justify-content-center py-4\">\r\n                            <i style=\"font-size:80px;\" class=\"stm-people-in-team hover_icons_three\"><\/i>\r\n                        <\/div>\r\n                        <div class=\"container\">\r\n                            <p class=\"hover_paragraf\">At CTM, we handle all your project cargo, which is commonly referred to as oversized due to its weight and volume, within the scope of Project Transportation service. With our internationally competent partners and technological equipment, we transport your cargo to the desired destination.<\/p>\r\n                        <\/div>\r\n                    <\/div>\r\n                <\/div>\r\n                <div class=\"col p-0 m-0 px-1 card_five text-white shadow d-flex flex-column justify-content-center hover_icon_div\">\r\n                    <div style=\"z-index: 999;\" class=\"text-decoration-none text-white card_link\" href=\"#\" data-path=\"nakliye-emtia-sigortasi\/\">\r\n                        <div>\r\n                            <p>\r\n                            <ul class=\"list-unstyled\">\r\n                                <li class=\"mb-2 text-center\">\r\n                                    <a style=\"font-size:22px !important\" href=\"#\" class=\"text-decoration-none text-white\">Cargo<br \/>Insurance<\/a>\r\n                                <\/li>\r\n                            <\/ul>\r\n                            <\/p>\r\n                            <div class=\"container d-flex justify-content-center p-0 m-0\">\r\n                                <hr style=\"height: 5px; border: none; width: 75%; background-color: #ffff;\">\r\n                            <\/div>\r\n                        <\/div>\r\n                      <div class=\"container d-flex justify-content-center py-4\">\r\n                            <i style=\"font-size:80px;\" class=\"stm-packaging-and-storage hover_icons_five\"><\/i>\r\n\r\n\r\n                        <\/div>\r\n                        <div class=\"container\">\r\n                            <p class=\"hover_paragraf\">As a reliable partner in international transportation, we always prioritize the needs of our customers. We now offer Cargo Insurance to further enhance the security of your shipments. With this service, you can rest assured that your goods are protected at every step and remain safe against potential risks.<\/p>\r\n                        <\/div>\r\n                        <\/a>\r\n                    <\/div>\r\n                <\/div>\r\n            <\/div>\r\n    <\/main>\r\n    <!-- Optional JavaScript -->\r\n    <!-- Bootstrap Bundle with Popper -->\r\n    <script src=\"https:\/\/cdn.jsdelivr.net\/npm\/@popperjs\/core@2.11.8\/dist\/umd\/popper.min.js\" crossorigin=\"anonymous\"><\/script>\r\n    <script src=\"https:\/\/cdn.jsdelivr.net\/npm\/bootstrap@5.3.2\/dist\/js\/bootstrap.min.js\"  crossorigin=\"anonymous\"><\/script>\r\n<script>\r\ndocument.addEventListener(\"DOMContentLoaded\", function() {\r\n    const links = document.querySelectorAll('.card_link');\r\n\r\n    links.forEach(link => {\r\n        link.addEventListener('click', function(event) {\r\n            event.preventDefault(); \/\/ Varsay\u0131lan t\u0131klama i\u015flevini engelle\r\n\r\n            \/\/ T\u0131klanan linkin data-path'ini al\r\n            const newPath = link.getAttribute('data-path');\r\n\r\n            \/\/ Mevcut URL'yi al\r\n            const currentUrl = new URL(window.location.href);\r\n            const currentPath = currentUrl.pathname;\r\n\r\n            \/\/ Mevcut URL'deki dil kodunu al (en veya tr_tr)\r\n            const langCodeMatch = currentPath.match(\/\\\/(en|tr_tr)\\\/\/);\r\n            const langCode = langCodeMatch ? langCodeMatch[1] : '';\r\n\r\n            \/\/ Mevcut URL'deki blog k\u0131sm\u0131n\u0131 al\r\n            const basePath = currentPath.split('\/').filter(segment => segment && segment !== langCode).join('\/');\r\n\r\n            \/\/ Yeni URL'yi olu\u015ftur\r\n            const newPathString = `${basePath}\/${newPath}`;\r\n            const newUrl = `${currentUrl.origin}\/blog\/${langCode}\/${newPathString}`;\r\n\r\n            \/\/ Sayfay\u0131 yeni URL'ye y\u00f6nlendir\r\n            window.location.href = newUrl;\r\n        });\r\n    });\r\n});\r\n\r\n\r\n\r\n\r\n\r\n\r\n        document.querySelectorAll('.card_first').forEach(card => {\r\n\t\t\t  document.querySelector('.card_').style.backgroundImage = 'url(\"https:\/\/ctmlog.com\/wp-content\/uploads\/2024\/08\/slider_3.jpg\")';\r\n\t\t\t\/\/kara\r\n            card.addEventListener('mouseover', () => {\r\n                document.querySelector('.card_').style.backgroundImage = 'url(\"https:\/\/ctmlog.com\/wp-content\/uploads\/2024\/08\/slider_1.jpg\")';\r\n                document.querySelector('.hover_icons_first').style.transform = 'scale(1.1)';\r\n\r\n            });\r\n            card.addEventListener('mouseout', () => {\r\n                document.querySelector('.card_').style.backgroundImage = 'url(\"https:\/\/ctmlog.com\/wp-content\/uploads\/2024\/08\/slider_3.jpg\")';\r\n                document.querySelector('.hover_icons_first').style.transform = '';\r\n            });\r\n        });\r\n\t\/\/ hava\r\n        document.querySelectorAll('.card_second').forEach(card => {\r\n            card.addEventListener('mouseover', () => {\r\n                document.querySelector('.card_').style.backgroundImage = 'url(\"https:\/\/ctmlog.com\/wp-content\/uploads\/2024\/08\/slider_2.jpg\")';\r\n                document.querySelector('.hover_icons_second').style.transform = 'scale(1.1)';\r\n            });\r\n            card.addEventListener('mouseout', () => {\r\n                document.querySelector('.card_').style.backgroundImage = 'https:\/\/ctmlog.com\/wp-content\/uploads\/2024\/08\/slider_3.jpg\")';\r\n                document.querySelector('.hover_icons_second').style.transform = '';\r\n            });\r\n        });\r\n\r\n\t\t\/\/proje\r\n        document.querySelectorAll('.card_three').forEach(card => {\r\n            card.addEventListener('mouseover', () => {\r\n                document.querySelector('.card_').style.backgroundImage = 'url(\"https:\/\/ctmlog.com\/wp-content\/uploads\/2024\/08\/slider_4.jpg\")';\r\n                document.querySelector('.hover_icons_three').style.transform = 'scale(1.1)';\r\n            });\r\n            card.addEventListener('mouseout', () => {\r\n                document.querySelector('.card_').style.backgroundImage = 'url(\"https:\/\/ctmlog.com\/wp-content\/uploads\/2024\/08\/slider_3.jpg\")';\r\n                document.querySelector('.hover_icons_three').style.transform = '';\r\n            });\r\n        });\r\n\r\n\t\/\/ deniz\r\n        document.querySelectorAll('.card_four').forEach(card => {\r\n            card.addEventListener('mouseover', () => {\r\n                document.querySelector('.card_').style.backgroundImage = 'url(\"https:\/\/ctmlog.com\/wp-content\/uploads\/2024\/08\/slider_3.jpg\")';\r\n                document.querySelector('.hover_icons_four').style.transform = 'scale(1.1)';\r\n            });\r\n            card.addEventListener('mouseout', () => {\r\n                document.querySelector('.card_').style.backgroundImage = 'url(\"https:\/\/ctmlog.com\/wp-content\/uploads\/2024\/08\/slider_3.jpg\")';\r\n                document.querySelector('.hover_icons_four').style.transform = '';\r\n            });\r\n        });\r\n\r\n\t\/\/nakliye emtia\r\n        document.querySelectorAll('.card_five').forEach(card => {\r\n            card.addEventListener('mouseover', () => {\r\n                document.querySelector('.card_').style.backgroundImage = 'url(\"https:\/\/ctmlog.com\/wp-content\/uploads\/2024\/08\/Big_Truck_On_The_Road_Sunset.jpg\")';\r\n                document.querySelector('.hover_icons_five').style.transform = 'scale(1.1)';\r\n            });\r\n            card.addEventListener('mouseout', () => {\r\n                document.querySelector('.card_').style.backgroundImage = 'url(\"https:\/\/ctmlog.com\/wp-content\/uploads\/2024\/08\/slider_3.jpg\")';\r\n                document.querySelector('.hover_icons_five').style.transform = '';\r\n            });\r\n        });\r\n\r\n\t\r\n\r\n    <\/script>\n\t\t<\/div>\n\t<\/div>\n<\/div><\/div><\/div><\/div>\n<\/div>","protected":false},"excerpt":{"rendered":"Biz kimiz ? T\u00fcm ta\u015f\u0131ma modellerinde uluslararas\u0131 ta\u015f\u0131mac\u0131l\u0131k operasyonlar\u0131n\u0131 y\u00f6neten, entegre lojistik hizmeti sunan, gen\u00e7, dinamik ve \u00e7\u00f6z\u00fcm odakl\u0131 bir kurulu\u015fuz. Lojistik sekt\u00f6r\u00fcnde siz de\u011ferli m\u00fc\u015fterilerimize ve \u00fclkemizin ekonomisine de\u011fer katmak i\u00e7in 7\/24...","protected":false},"author":1,"featured_media":0,"parent":0,"menu_order":0,"comment_status":"closed","ping_status":"closed","template":"","meta":{"footnotes":""},"class_list":["post-415","page","type-page","status-publish","hentry"],"_links":{"self":[{"href":"http:\/\/ctmlog.com\/en\/wp-json\/wp\/v2\/pages\/415"}],"collection":[{"href":"http:\/\/ctmlog.com\/en\/wp-json\/wp\/v2\/pages"}],"about":[{"href":"http:\/\/ctmlog.com\/en\/wp-json\/wp\/v2\/types\/page"}],"author":[{"embeddable":true,"href":"http:\/\/ctmlog.com\/en\/wp-json\/wp\/v2\/users\/1"}],"replies":[{"embeddable":true,"href":"http:\/\/ctmlog.com\/en\/wp-json\/wp\/v2\/comments?post=415"}],"version-history":[{"count":12,"href":"http:\/\/ctmlog.com\/en\/wp-json\/wp\/v2\/pages\/415\/revisions"}],"predecessor-version":[{"id":2266,"href":"http:\/\/ctmlog.com\/en\/wp-json\/wp\/v2\/pages\/415\/revisions\/2266"}],"wp:attachment":[{"href":"http:\/\/ctmlog.com\/en\/wp-json\/wp\/v2\/media?parent=415"}],"curies":[{"name":"wp","href":"https:\/\/api.w.org\/{rel}","templated":true}]}}