{"id":442,"date":"2015-11-17T05:09:58","date_gmt":"2015-11-17T05:09:58","guid":{"rendered":"http:\/\/logistics.stylemixthemes.com\/\/?page_id=442"},"modified":"2024-09-10T22:14:00","modified_gmt":"2024-09-10T19:14:00","slug":"iletisim","status":"publish","type":"page","link":"http:\/\/ctmlog.com\/en\/iletisim\/","title":{"rendered":"Contact"},"content":{"rendered":"<div class=\"wpb-content-wrapper\"><div data-vc-full-width=\"true\" data-vc-full-width-init=\"false\" data-vc-parallax=\"3\" data-vc-parallax-image=\"https:\/\/ctmlog.com\/wp-content\/uploads\/2024\/07\/bg-cta-2-scaled.jpg\" class=\"vc_row wpb_row vc_row-fluid convert_to_table overlay vc_custom_1722779273085 vc_row-has-fill vc_row-o-equal-height vc_row-flex vc_general vc_parallax vc_parallax-content-moving\"><div class=\"wpb_column vc_column_container vc_col-sm-7\"><div class=\"vc_column-inner vc_custom_1450330273622\"><div class=\"wpb_wrapper\"><h2 style=\"text-align: left\" class=\"vc_custom_heading base_font_color heading_without_line\" >CONTACT US!<\/h2>\n\t<div class=\"wpb_text_column wpb_content_element\" >\n\t\t<div class=\"wpb_wrapper\">\n\t\t\t<p><span style=\"font-size: 12pt;\">With years of experience and expert team, CTM provides reliable, fast and flexible logistics services to its customers. CTM, which has a wide network in land, sea and air transportation, aims to keep customer satisfaction at the highest level. It manages logistics processes in the most efficient way with its advanced technology infrastructure and innovative solutions. CTM always strives to provide you with the most suitable and economical logistics solutions.<\/span><\/p>\n\n\t\t<\/div>\n\t<\/div>\n<\/div><\/div><\/div><div class=\"wpb_column vc_column_container vc_col-sm-5 vc_hidden-md vc_hidden-sm vc_hidden-xs vc_col-has-fill\"><div class=\"vc_column-inner vc_custom_1450765525367\"><div class=\"wpb_wrapper\"><\/div><\/div><\/div><\/div><div class=\"vc_row-full-width\"><\/div><div data-vc-full-width=\"true\" data-vc-full-width-init=\"false\" class=\"vc_row wpb_row vc_row-fluid reset-sm-paddings vc_custom_1450446724850 vc_row-has-fill vc_row-o-equal-height vc_row-flex\"><div class=\"wpb_column vc_column_container vc_col-sm-12 vc_col-lg-5 vc_col-md-6\"><div class=\"vc_column-inner vc_custom_1450444940366\"><div class=\"wpb_wrapper\">\n\t<div class=\"wpb_raw_code wpb_content_element wpb_raw_html\" >\n\t\t<div class=\"wpb_wrapper\">\n\t\t\t <section id=\"nav_menu-7\" class=\"widget widget_nav_menu\">               \n<h6 class=\"widget_title text-center\">\u0130LET\u0130\u015e\u0130M<\/h6>\n                    <div class=\"menu-footer-menu-container\">\n                        <ul id=\"menu-footer-menu-1 list-unstyled\" class=\"menu\">\n                            <li class=\"d-flex align-items-center\">\n\n                                <a class=\"text-decoration-none d-flex align-items-start\" href=\"#\"><span> <svg xmlns=\"http:\/\/www.w3.org\/2000\/svg\" width=\"16\" height=\"16\" fill=\"currentColor\" class=\"bi bi-border-all\" viewbox=\"0 0 16 16\">\n                                            <path d=\"M0 0h16v16H0zm1 1v6.5h6.5V1zm7.5 0v6.5H15V1zM15 8.5H8.5V15H15zM7.5 15V8.5H1V15z\"><\/path>\n                                        <\/svg><\/span><span class=\"ps-2\">Contmarine Uluslararas\u0131 Ta\u015f. A.\u015e<\/span><\/a>\n\n                            <\/li>\n\n                            <li class=\"d-flex align-items-center\">\n                                <a class=\"text-decoration-none d-flex align-items-start\" href=\"https:\/\/maps.app.goo.gl\/zQyVumAKRMyeg4q28\" target=\"_blank\" rel=\"noreferrer noopener\"><span> <svg xmlns=\"http:\/\/www.w3.org\/2000\/svg\" width=\"16\" height=\"16\" fill=\"currentColor\" class=\"bi bi-geo-alt\" viewbox=\"0 0 16 16\">\n                                            <path d=\"M12.166 8.94c-.524 1.062-1.234 2.12-1.96 3.07A32 32 0 0 1 8 14.58a32 32 0 0 1-2.206-2.57c-.726-.95-1.436-2.008-1.96-3.07C3.304 7.867 3 6.862 3 6a5 5 0 0 1 10 0c0 .862-.305 1.867-.834 2.94M8 16s6-5.686 6-10A6 6 0 0 0 2 6c0 4.314 6 10 6 10\"><\/path>\n                                            <path d=\"M8 8a2 2 0 1 1 0-4 2 2 0 0 1 0 4m0 1a3 3 0 1 0 0-6 3 3 0 0 0 0 6\"><\/path>\n                                        <\/svg><\/span><span class=\"ps-2\">Yeni Mahalle, Port Plus XL Plaza, 5302. Sk. No: 3, 33010 Akdeniz \/ Mersin \/ T\u00fcrkiye<\/span><\/a>\n                            <li>\n                                <a class=\"text-decoration-none d-flex align-items-start\" href=\"tel: 903244040333\"><span><svg xmlns=\"http:\/\/www.w3.org\/2000\/svg\" width=\"16\" height=\"16\" fill=\"currentColor\" class=\"bi bi-telephone\" viewbox=\"0 0 16 16\">\n                                            <path d=\"M3.654 1.328a.678.678 0 0 0-1.015-.063L1.605 2.3c-.483.484-.661 1.169-.45 1.77a17.6 17.6 0 0 0 4.168 6.608 17.6 17.6 0 0 0 6.608 4.168c.601.211 1.286.033 1.77-.45l1.034-1.034a.678.678 0 0 0-.063-1.015l-2.307-1.794a.68.68 0 0 0-.58-.122l-2.19.547a1.75 1.75 0 0 1-1.657-.459L5.482 8.062a1.75 1.75 0 0 1-.46-1.657l.548-2.19a.68.68 0 0 0-.122-.58zM1.884.511a1.745 1.745 0 0 1 2.612.163L6.29 2.98c.329.423.445.974.315 1.494l-.547 2.19a.68.68 0 0 0 .178.643l2.457 2.457a.68.68 0 0 0 .644.178l2.189-.547a1.75 1.75 0 0 1 1.494.315l2.306 1.794c.829.645.905 1.87.163 2.611l-1.034 1.034c-.74.74-1.846 1.065-2.877.702a18.6 18.6 0 0 1-7.01-4.42 18.6 18.6 0 0 1-4.42-7.009c-.362-1.03-.037-2.137.703-2.877z\"><\/path>\n                                        <\/svg><\/span><span class=\"ps-2\">+90 (324) 404 03 33<\/span><\/a>\n\n                            <\/li>\n\n\n                            <li>\n\n\n                                <a class=\"text-decoration-none d-flex align-items-start\" href=\"mailto:info@ctmlog.com\"> <span><svg xmlns=\"http:\/\/www.w3.org\/2000\/svg\" width=\"16\" height=\"16\" fill=\"currentColor\" class=\"bi bi-envelope\" viewbox=\"0 0 16 16\">\n                                            <path d=\"M0 4a2 2 0 0 1 2-2h12a2 2 0 0 1 2 2v8a2 2 0 0 1-2 2H2a2 2 0 0 1-2-2zm2-1a1 1 0 0 0-1 1v.217l7 4.2 7-4.2V4a1 1 0 0 0-1-1zm13 2.383-4.708 2.825L15 11.105zm-.034 6.876-5.64-3.471L8 9.583l-1.326-.795-5.64 3.47A1 1 0 0 0 2 13h12a1 1 0 0 0 .966-.741M1 11.105l4.708-2.897L1 5.383z\"><\/path>\n                                        <\/svg><\/span><span class=\"ps-2 text-lowercase\">info@ctmlog.com<\/span><\/a>\n\n\n                            <\/li>\n                        <\/ul>\n                    <\/div>\n             <\/section>\n\t\t<\/div>\n\t<\/div>\n<\/div><\/div><\/div><div class=\"wpb_column vc_column_container vc_col-sm-1 vc_col-lg-7 vc_col-md-6\"><div class=\"vc_column-inner vc_custom_1722424741920\"><div class=\"wpb_wrapper\"><div class=\"vc_row wpb_row vc_inner vc_row-fluid reset-sm-paddings\"><div class=\"base_bg_color wpb_column vc_column_container vc_col-sm-12\"><div class=\"vc_column-inner vc_custom_1722425123421\"><div class=\"wpb_wrapper\"><h2 style=\"color: #ffffff;text-align: left\" class=\"vc_custom_heading\" >Contact Us<\/h2>\n\t<div class=\"wpb_text_column wpb_content_element\" >\n\t\t<div class=\"wpb_wrapper\">\n\t\t\t<p><span style=\"color: #ffffff;\">CTM g\u00fcvencesi ile uluslararas\u0131 ta\u015f\u0131mac\u0131l\u0131k i\u00e7in t\u00fcm soru ve taleplerinizi iletin. Uzman ekibimiz sizlere ula\u015farak \u00e7\u00f6z\u00fcme kavu\u015ftursun.<\/span><\/p>\n\n\t\t<\/div>\n\t<\/div>\n\n<div class=\"wpcf7 no-js\" id=\"wpcf7-f208-o1\" lang=\"en-US\" dir=\"ltr\">\n<div class=\"screen-reader-response\"><p role=\"status\" aria-live=\"polite\" aria-atomic=\"true\"><\/p> <ul><\/ul><\/div>\n<form action=\"\/en\/wp-json\/wp\/v2\/pages\/442#wpcf7-f208-o1\" method=\"post\" class=\"wpcf7-form init\" aria-label=\"Contact form\" novalidate=\"novalidate\" data-status=\"init\" data-trp-original-action=\"\/en\/wp-json\/wp\/v2\/pages\/442#wpcf7-f208-o1\">\n<div style=\"display: none;\">\n<input type=\"hidden\" name=\"_wpcf7\" value=\"208\" \/>\n<input type=\"hidden\" name=\"_wpcf7_version\" value=\"5.9.8\" \/>\n<input type=\"hidden\" name=\"_wpcf7_locale\" value=\"en_US\" \/>\n<input type=\"hidden\" name=\"_wpcf7_unit_tag\" value=\"wpcf7-f208-o1\" \/>\n<input type=\"hidden\" name=\"_wpcf7_container_post\" value=\"0\" \/>\n<input type=\"hidden\" name=\"_wpcf7_posted_data_hash\" value=\"\" \/>\n<\/div>\n<div class=\"row\">\n\t<div class=\"col-lg-6 col-md-6 col-sm-12\">\n\t\t<div class=\"form-group\">\n\t\t\t<p><span class=\"wpcf7-form-control-wrap\" data-name=\"your-name\"><input size=\"40\" maxlength=\"400\" class=\"wpcf7-form-control wpcf7-text wpcf7-validates-as-required form-control\" id=\"your-name\" aria-required=\"true\" aria-invalid=\"false\" placeholder=\"Name\" value=\"\" type=\"text\" name=\"your-name\" \/><\/span>\n\t\t\t<\/p>\n\t\t<\/div>\n\t<\/div>\n\t<div class=\"col-lg-6 col-md-6 col-sm-12\">\n\t\t<div class=\"form-group\">\n\t\t\t<p><span class=\"wpcf7-form-control-wrap\" data-name=\"your-surname\"><input size=\"40\" maxlength=\"400\" class=\"wpcf7-form-control wpcf7-text wpcf7-validates-as-required form-control\" id=\"your-surname\" aria-required=\"true\" aria-invalid=\"false\" placeholder=\"Surname\" value=\"\" type=\"text\" name=\"your-surname\" \/><\/span>\n\t\t\t<\/p>\n\t\t<\/div>\n\t<\/div>\n\t<div class=\"col-lg-6 col-md-6 col-sm-12\">\n\t\t<div class=\"form-group\">\n\t\t\t<p><span class=\"wpcf7-form-control-wrap\" data-name=\"your-phone\"><input size=\"40\" maxlength=\"400\" class=\"wpcf7-form-control wpcf7-tel wpcf7-validates-as-required wpcf7-text wpcf7-validates-as-tel form-control\" id=\"your-phone\" aria-required=\"true\" aria-invalid=\"false\" placeholder=\"Phone\" value=\"\" type=\"tel\" name=\"your-phone\" \/><\/span>\n\t\t\t<\/p>\n\t\t<\/div>\n\t<\/div>\n\t<div class=\"col-lg-6 col-md-6 col-sm-12\">\n\t\t<div class=\"form-group\">\n\t\t\t<p><span class=\"wpcf7-form-control-wrap\" data-name=\"your-email\"><input size=\"40\" maxlength=\"400\" class=\"wpcf7-form-control wpcf7-email wpcf7-validates-as-required wpcf7-text wpcf7-validates-as-email form-control\" id=\"your-email\" aria-required=\"true\" aria-invalid=\"false\" placeholder=\"Email\" value=\"\" type=\"email\" name=\"your-email\" \/><\/span>\n\t\t\t<\/p>\n\t\t<\/div>\n\t<\/div>\n\t<div class=\"col-lg-12 col-md-12 col-sm-12\">\n\t\t<div class=\"form-group\">\n\t\t\t<p><label class=\"text-white\" for=\"freight_type\">Select Service<\/label><br \/>\n<span class=\"wpcf7-form-control-wrap\" data-name=\"freight_type\"><select class=\"wpcf7-form-control wpcf7-select wpcf7-validates-as-required form-control\" id=\"freight_type\" aria-required=\"true\" aria-invalid=\"false\" name=\"freight_type\"><option value=\"Kara Yolu Ta\u015f\u0131mac\u0131l\u0131\u011f\u0131\">Road Transportation<\/option><option value=\"Hava Yolu Ta\u015f\u0131mac\u0131l\u0131\u011f\u0131\">Air Freight Transportation<\/option><option value=\"Deniz Yolu Ta\u015f\u0131mac\u0131l\u0131\u011f\u0131\">Ocean Freight Transportation<\/option><option value=\"Proje Kargo Ta\u015f\u0131mac\u0131l\u0131\u011f\u0131\">Project Cargo Transportation<\/option><option value=\"Nakliye Emtia Sigortas\u0131\">Cargo Insurance<\/option><\/select><\/span>\n\t\t\t<\/p>\n\t\t<\/div>\n\t<\/div>\n\t<div class=\"col-lg-12 col-md-12 col-sm-12\">\n\t\t<div class=\"form-group\">\n\t\t\t<p><label class=\"text-white\" for=\"your-message\">Your message<\/label><br \/>\n<span class=\"wpcf7-form-control-wrap\" data-name=\"your-message\"><textarea cols=\"40\" rows=\"4\" maxlength=\"2000\" class=\"wpcf7-form-control wpcf7-textarea wpcf7-validates-as-required form-control\" id=\"your-message\" aria-required=\"true\" aria-invalid=\"false\" placeholder=\"Your message\" name=\"your-message\"><\/textarea><\/span>\n\t\t\t<\/p>\n\t\t<\/div>\n\t<\/div>\n\t<div class=\"col-lg-12 col-md-12 col-sm-12\">\n\t\t<div class=\"form-group\">\n\t\t\t<div class=\"g-recaptcha\" data-sitekey=\"6LcFRigqAAAAAHtOf4WUx6uRUqMGjkDNjUGXB-Bl\">\n\t\t\t<\/div>\n\t\t\t<p><input class=\"wpcf7-form-control wpcf7-submit has-spinner btn btn-primary btn-block\" type=\"submit\" value=\"Send\" \/>\n\t\t\t<\/p>\n\t\t<\/div>\n\t<\/div>\n<\/div><div class=\"wpcf7-response-output\" aria-hidden=\"true\"><\/div>\n<input type=\"hidden\" name=\"trp-form-language\" value=\"en\"\/><\/form>\n<\/div>\n<\/div><\/div><\/div><\/div><\/div><\/div><\/div><\/div><div class=\"vc_row-full-width\"><\/div><div data-vc-full-width=\"true\" data-vc-full-width-init=\"false\" data-vc-stretch-content=\"true\" class=\"vc_row wpb_row vc_row-fluid vc_custom_1447738052361 vc_row-no-padding\"><div class=\"wpb_column vc_column_container vc_col-sm-12\"><div class=\"vc_column-inner\"><div class=\"wpb_wrapper\"><div class=\"wpb_gmaps_widget wpb_content_element\"><div class=\"wpb_wrapper\"><div class=\"wpb_map_wraper\"><iframe src=\"https:\/\/www.google.com\/maps\/embed?pb=!1m18!1m12!1m3!1d3194.531938741751!2d34.63684837428184!3d36.80577126738807!2m3!1f0!2f0!3f0!3m2!1i1024!2i768!4f13.1!3m3!1m2!1s0x1527f328e5fadbed%3A0x5e89caabe9803c61!2sPort%20Plus%20X-Large%20Plaza!5e0!3m2!1str!2str!4v1721903583711!5m2!1str!2str\" width=\"800\" height=\"600\" style=\"border:0;\" allowfullscreen=\"\" loading=\"lazy\" referrerpolicy=\"no-referrer-when-downgrade\"><\/iframe><\/div><\/div><\/div><\/div><\/div><\/div><\/div><div class=\"vc_row-full-width\"><\/div><div class=\"vc_row wpb_row vc_row-fluid vc_custom_1450356867512\"><div class=\"wpb_column vc_column_container vc_col-sm-12\"><div class=\"vc_column-inner\"><div class=\"wpb_wrapper\">\n<div class=\"vc_image_carousel_wr grayscale\">\n\t<div class=\"vc_image_carousel\" id=\"owl-69e0ff9ea3775\">\n\t\t\t\t\t\t\t\t<div class=\"item\">\n\t\t\t\t<img loading=\"lazy\" decoding=\"async\" width=\"268\" height=\"148\" src=\"https:\/\/ctmlog.com\/wp-content\/uploads\/2015\/10\/tvc-marketing-1.jpg\" class=\"attachment-full\" alt=\"\" title=\"tvc-marketing\" \/>\t\t\t<\/div>\n\t\t\t\t\t\t\t\t<div class=\"item\">\n\t\t\t\t<img loading=\"lazy\" decoding=\"async\" width=\"268\" height=\"148\" src=\"https:\/\/ctmlog.com\/wp-content\/uploads\/2015\/10\/primo-1.jpg\" class=\"attachment-full\" alt=\"\" title=\"primo\" \/>\t\t\t<\/div>\n\t\t\t\t\t\t\t\t<div class=\"item\">\n\t\t\t\t<img loading=\"lazy\" decoding=\"async\" width=\"268\" height=\"148\" src=\"https:\/\/ctmlog.com\/wp-content\/uploads\/2015\/10\/kphone-1.jpg\" class=\"attachment-full\" alt=\"\" title=\"kphone\" \/>\t\t\t<\/div>\n\t\t\t\t\t\t\t\t<div class=\"item\">\n\t\t\t\t<img loading=\"lazy\" decoding=\"async\" width=\"268\" height=\"148\" src=\"https:\/\/ctmlog.com\/wp-content\/uploads\/2015\/10\/edge-1.jpg\" class=\"attachment-full\" alt=\"\" title=\"edge\" \/>\t\t\t<\/div>\n\t\t\t\t\t\t\t\t<div class=\"item\">\n\t\t\t\t<img loading=\"lazy\" decoding=\"async\" width=\"268\" height=\"148\" src=\"https:\/\/ctmlog.com\/wp-content\/uploads\/2015\/10\/arcade-1.jpg\" class=\"attachment-full\" alt=\"\" title=\"arcade\" \/>\t\t\t<\/div>\n\t\t\t\t\t\t\t\t<div class=\"item\">\n\t\t\t\t<img loading=\"lazy\" decoding=\"async\" width=\"268\" height=\"148\" src=\"https:\/\/ctmlog.com\/wp-content\/uploads\/2015\/10\/aramiz-1.jpg\" class=\"attachment-full\" alt=\"\" title=\"aramiz\" \/>\t\t\t<\/div>\n\t\t\t<\/div>\n\t<script type=\"text\/javascript\">\n\t\tjQuery(document).ready(function ($) {\n\t\t\t$(\"#owl-69e0ff9ea3775\").owlCarousel({\n\t\t\t\t\t\t\t\tautoplay: true,\n\t\t\t\t\t\t\t\tdots: false,\n\t\t\t\t\t\t\t\tautoplayTimeout: 5000,\n\t\t\t\tsmartSpeed: 250,\n\t\t\t\tresponsive: {\n\t\t\t\t\t0: {\n\t\t\t\t\t\titems: 2\t\t\t\t\t},\n\t\t\t\t\t768: {\n\t\t\t\t\t\titems: 4\t\t\t\t\t},\n\t\t\t\t\t980: {\n\t\t\t\t\t\titems: 5\t\t\t\t\t},\n\t\t\t\t\t1199: {\n\t\t\t\t\t\titems: 6\t\t\t\t\t}\n\t\t\t\t}\n\t\t\t});\n\t\t});\n\t<\/script>\n<\/div><\/div><\/div><\/div><\/div>\n<\/div>","protected":false},"excerpt":{"rendered":"\u0130LET\u0130\u015e\u0130ME GE\u00c7\u0130N! Y\u0131llar\u0131n deneyimi ve uzman ekibi ile CTM, m\u00fc\u015fterilerine g\u00fcvenilir, h\u0131zl\u0131 ve esnek lojistik hizmetleri sa\u011flamaktad\u0131r. Kara, deniz ve hava ta\u015f\u0131mac\u0131l\u0131\u011f\u0131nda geni\u015f bir a\u011fa sahip olan CTM, m\u00fc\u015fteri memnuniyetini en \u00fcst d\u00fczeyde...","protected":false},"author":1,"featured_media":0,"parent":0,"menu_order":0,"comment_status":"closed","ping_status":"closed","template":"","meta":{"footnotes":""},"class_list":["post-442","page","type-page","status-publish","hentry"],"_links":{"self":[{"href":"http:\/\/ctmlog.com\/en\/wp-json\/wp\/v2\/pages\/442"}],"collection":[{"href":"http:\/\/ctmlog.com\/en\/wp-json\/wp\/v2\/pages"}],"about":[{"href":"http:\/\/ctmlog.com\/en\/wp-json\/wp\/v2\/types\/page"}],"author":[{"embeddable":true,"href":"http:\/\/ctmlog.com\/en\/wp-json\/wp\/v2\/users\/1"}],"replies":[{"embeddable":true,"href":"http:\/\/ctmlog.com\/en\/wp-json\/wp\/v2\/comments?post=442"}],"version-history":[{"count":53,"href":"http:\/\/ctmlog.com\/en\/wp-json\/wp\/v2\/pages\/442\/revisions"}],"predecessor-version":[{"id":2322,"href":"http:\/\/ctmlog.com\/en\/wp-json\/wp\/v2\/pages\/442\/revisions\/2322"}],"wp:attachment":[{"href":"http:\/\/ctmlog.com\/en\/wp-json\/wp\/v2\/media?parent=442"}],"curies":[{"name":"wp","href":"https:\/\/api.w.org\/{rel}","templated":true}]}}