{"id":415,"date":"2015-11-17T04:19:36","date_gmt":"2015-11-17T04:19:36","guid":{"rendered":"http:\/\/logistics.stylemixthemes.com\/\/?page_id=415"},"modified":"2024-08-14T23:29:40","modified_gmt":"2024-08-14T20:29:40","slug":"hakkimizda","status":"publish","type":"page","link":"http:\/\/ctmlog.com\/tr_tr\/hakkimizda\/","title":{"rendered":"Hakk\u0131m\u0131zda"},"content":{"rendered":"<div class=\"wpb-content-wrapper\"><div class=\"vc_row wpb_row vc_row-fluid\"><div class=\"wpb_column vc_column_container vc_col-sm-12\"><div class=\"vc_column-inner\"><div class=\"wpb_wrapper\"><div class=\"vc_row wpb_row vc_inner vc_row-fluid vc_custom_1449140720718\"><div class=\"wpb_column vc_column_container vc_col-sm-12\"><div class=\"vc_column-inner\"><div class=\"wpb_wrapper\">\n\t<div class=\"wpb_text_column wpb_content_element  vc_custom_1722513195488\" >\n\t\t<div class=\"wpb_wrapper\">\n\t\t\t<h4 class=\"title\" style=\"text-align: center;\">Biz kimiz ?<\/h4>\n<p>T\u00fcm ta\u015f\u0131ma modellerinde uluslararas\u0131 ta\u015f\u0131mac\u0131l\u0131k operasyonlar\u0131n\u0131 y\u00f6neten, entegre lojistik hizmeti sunan, gen\u00e7, dinamik ve \u00e7\u00f6z\u00fcm odakl\u0131 bir kurulu\u015fuz. Lojistik sekt\u00f6r\u00fcnde siz de\u011ferli m\u00fc\u015fterilerimize ve \u00fclkemizin ekonomisine de\u011fer katmak i\u00e7in 7\/24 \u00f6zenle ve tutkuyla \u00e7al\u0131\u015f\u0131yoruz.<\/p>\n<div class=\"featuredbox-number\">\n<div class=\"featured-icon-box icon-align-before-content style4\">\n<div class=\"featured-content\">\n<div class=\"featured-desc\">\n<p><b>CTM<\/b>\u00a0olarak g\u00fcvenilirlik ilkesinden sapmadan, hizmet kalitemizi artt\u0131rmak ad\u0131na teknolojiye ve insana yat\u0131r\u0131m yap\u0131yor; s\u00fcrekli y\u00fcksek standartta i\u015f ak\u0131\u015f\u0131 sa\u011flayarak, her zaman dinamik bir performans ile lojistik \u00e7\u00f6z\u00fcmleri sunuyoruz. G\u00fc\u00e7l\u00fc acente a\u011f\u0131m\u0131z ve uluslararas\u0131 sekt\u00f6rel ba\u011flant\u0131lar\u0131m\u0131z sayesinde yurt i\u00e7inde ve yurt d\u0131\u015f\u0131nda bir\u00e7ok noktaya servis veriyoruz.<\/p>\n<\/div>\n<\/div>\n<\/div>\n<div class=\"featured-icon-box icon-align-before-content style4\">\n<div class=\"featured-content\">\n<div class=\"featured-desc\">\n<p><strong>Misyonumuz<\/strong>, sekt\u00f6r\u00fcm\u00fczde faaliyet g\u00f6steren t\u00fcm payda\u015flar\u0131n g\u00fcvenini kazanarak, hukuka, ekonomik ve ahlaki ilkelere ba\u011fl\u0131 kalarak m\u00fc\u015fterilerimize en iyi hizmeti sunmakt\u0131r. Dinamik performansa sahip lojistik \u00e7\u00f6z\u00fcmlerimizle \u00fclke ekonomimize katk\u0131da bulunuyoruz. \u00c7\u00f6z\u00fcm odakl\u0131 yakla\u015f\u0131m\u0131m\u0131zla hem ulusal hem de uluslararas\u0131 \u015firketlerin \u00e7\u00f6z\u00fcm orta\u011f\u0131 olarak, d\u00fcnyan\u0131n bir\u00e7ok liman\u0131na servis veriyoruz.<\/p>\n<\/div>\n<\/div>\n<\/div>\n<div class=\"featured-icon-box icon-align-before-content style4\">\n<div class=\"featured-content\">\n<div class=\"featured-desc\">\n<p><strong>Vizyonumuz<\/strong>, lojistik sekt\u00f6r\u00fcnde hizmet kalitesini s\u00fcrekli artt\u0131ran, teknolojik, ak\u0131lc\u0131, ilkeli ve sorumlu bir yakla\u015f\u0131m\u0131 benimseyerek deniz yolu ta\u015f\u0131mac\u0131l\u0131\u011f\u0131nda uluslararas\u0131 anlamda lider \u015firket olmak hedefi ile yolcu\u011fumuza devam ediyoruz.<\/p>\n<\/div>\n<\/div>\n<\/div>\n<\/div>\n\n\t\t<\/div>\n\t<\/div>\n<\/div><\/div><\/div><\/div><\/div><\/div><\/div><\/div><div class=\"vc_row wpb_row vc_row-fluid\"><div class=\"wpb_column vc_column_container vc_col-sm-12\"><div class=\"vc_column-inner\"><div class=\"wpb_wrapper\">\n\t<div class=\"wpb_raw_code wpb_content_element wpb_raw_html\" >\n\t\t<div class=\"wpb_wrapper\">\n\t\t\t\r\n<!-- Bootstrap CSS v5.2.1 -->\r\n<link href=\"https:\/\/cdn.jsdelivr.net\/npm\/bootstrap@5.3.2\/dist\/css\/bootstrap.min.css\" rel=\"stylesheet\"  crossorigin=\"anonymous\" \/>\r\n\r\n<style>\r\n\r\n    .detail_container{\r\n        z-index: 1;\r\n        transition: 0.4s ease all; \r\n      \r\n    }\r\n    .detail_container:hover{\r\n        transform: scale(1.1);\r\n    }\r\n    div#hover_cards {\r\n        max-width: fit-content;\r\n        \/*margin-left: 0; *\/\r\n    }\r\n\r\n\r\n    svg {\r\n        transition: 0.4s ease all;\r\n    }\r\n\r\n    .card_ {\r\n        background-image: url(\"https:\/\/ctmlog.com\/wp-content\/uploads\/revslider\/slider_3.jpg\");\r\n        background-size: cover;\r\n        background-position: center;\r\n        transition: background-image 0.4s ease-in-out;\r\n        height: 500px;\r\n\r\n    }\r\n\r\n    .card_first,\r\n    .card_second,\r\n    .card_three,\r\n    .card_four,\r\n    .card_five {\r\n        cursor: pointer;\r\n        background: rgba(0, 0, 0, 0.5);\r\n        height: 500px;\r\n    }\r\n\r\n    .card_first,\r\n    .card_second,\r\n    .card_three,\r\n    .card_four,\r\n    .card_five {\r\n        position: relative;\r\n        overflow: hidden;\r\n\r\n    }\r\n\r\n    .card_first::before,\r\n    .card_second::before,\r\n    .card_three::before,\r\n    .card_four::before,\r\n    .card_five::before {\r\n        content: '';\r\n        position: absolute;\r\n        top: 0;\r\n        left: 0;\r\n\r\n\r\n        width: 100%;\r\n        height: 100%;\r\n        background: rgba(0, 0, 0, 0.2);\r\n        \/* Koyu karartma rengi ve opakl\u0131\u011f\u0131 *\/\r\n        opacity: 0;\r\n        transition: opacity 0.3s ease;\r\n    }\r\n\r\n    .card_first:hover::before,\r\n    .card_second:hover::before,\r\n    .card_three:hover::before,\r\n    .card_four:hover::before,\r\n    .card_five:hover::before {\r\n        opacity: 1;\r\n\r\n        \/* Hover oldu\u011funda karartman\u0131n g\u00f6r\u00fcn\u00fcr hale gelmesi *\/\r\n    }\r\n\r\n    .hover_icon_div {\r\n        justify-content: start !important;\r\n\r\n    }\r\n<\/style>\r\n\r\n    <main>\r\n        <div id=\"hover_cards\" class=\"container card_ my-3 d-none d-lg-block\">\r\n            <div class=\"row d-flex justify-content-between\">\r\n\r\n                <div class=\"col me-1 p-0 m-0 px-1 card_four text-white shadow d-flex flex-column justify-content-center container hover_icon_div\">\r\n                    <div style=\"z-index: 999;\" class=\"text-decoration-none text-white card_link\" data-path=\"deniz-yolu-tasimaciligi\/\">\r\n                        <div>\r\n                            <p>\r\n                            <ul class=\"list-unstyled\">\r\n                                <li class=\"mb-2 text-center\">\r\n                                    <a style=\"font-size:22px !important\" href=\"#\" class=\"text-decoration-none text-white\">Deniz Yolu<br \/>Ta\u015f\u0131mac\u0131l\u0131\u011f\u0131<\/a>\r\n                                <\/li>\r\n                            <\/ul>\r\n                            <\/p>\r\n                            <div class=\"container d-flex justify-content-center p-0 m-0\">\r\n                                <hr style=\"height: 5px; border: none; width: 75%; background-color: #ffff;\">\r\n                            <\/div>\r\n                        <\/div>\r\n                        <div class=\"container d-flex justify-content-center py-4\">\r\n                            <i style=\"font-size:80px;\" class=\"stm-ship hover_icons_four\"><\/i>\r\n                        <\/div>\r\n                        <div class=\"container\">\r\n                            <p class=\"hover_paragraf\">Y\u00fck\u00fcn\u00fcz\u00fc, d\u00fcnyan\u0131n t\u00fcm limanlar\u0131na g\u00fcvenle ula\u015ft\u0131rabilmek i\u00e7in denizyolu ta\u015f\u0131mac\u0131l\u0131\u011f\u0131nda gerekli olan t\u00fcm tedarik s\u00fcre\u00e7lerinizi y\u00f6netiyoruz.<\/p>\r\n                        <\/div>\r\n                    <\/div>\r\n                <\/div>\r\n                <div class=\"col me-1 p-0 m-0 px-1 card_first text-white shadow d-flex flex-column justify-content-center hover_icon_div\">\r\n                    <div style=\"z-index: 999;\" class=\"text-decoration-none text-white card_link\" href=\"#\" data-path=\"kara-yolu-tasimaciligi\/\">\r\n                        <div>\r\n                            <p>\r\n                            <ul class=\"list-unstyled\">\r\n                                <li class=\"mb-2 text-center\">\r\n                                    <a style=\"font-size:22px !important\" href=\"#\" class=\"text-decoration-none text-white\">Kara Yolu<br \/>Ta\u015f\u0131mac\u0131l\u0131\u011f\u0131<\/a>\r\n                                <\/li>\r\n                            <\/ul>\r\n                            <\/p>\r\n                            <div class=\"container d-flex justify-content-center p-0 m-0\">\r\n                                <hr style=\"height: 5px; border: none; width: 75%; background-color: #ffff;\">\r\n                            <\/div>\r\n                        <\/div>\r\n                        <div class=\"container d-flex justify-content-center py-4\">\r\n                            <i style=\"font-size:80px;\" class=\"stm-transport842 hover_icons_first\"><\/i>\r\n                        <\/div>\r\n                        <div class=\"container\">\r\n                            <p class=\"hover_paragraf\">Yurt i\u00e7i veya uluslararas\u0131 karayolu ta\u015f\u0131mac\u0131l\u0131\u011f\u0131 ile \u00e7\u00f6z\u00fcm odakl\u0131 yakla\u015f\u0131m\u0131m\u0131z, operasyon deneyimimiz ve s\u0131n\u0131rs\u0131z deste\u011fimizle her zaman siz de\u011ferli m\u00fc\u015fterilerimizin yan\u0131nday\u0131z.<\/p>\r\n                        <\/div>\r\n                    <\/div>\r\n                <\/div>\r\n                <div class=\"col me-1 p-0 m-0 px-1 card_second text-white shadow d-flex flex-column justify-content-center hover_icon_div\">\r\n                    <div style=\"z-index: 999;\" class=\"text-decoration-none text-white card_link\" href=\"#\" data-path=\"hava-yolu-tasimaciligi\/\">\r\n                        <div>\r\n                            <p>\r\n                            <ul class=\"list-unstyled\">\r\n                                <li class=\"mb-2 text-center\">\r\n                                    <a style=\"font-size:22px !important\" href=\"#\" class=\"text-decoration-none text-white\">Hava Yolu<\/br>Ta\u015f\u0131mac\u0131l\u0131\u011f\u0131<\/a>\r\n                                <\/li>\r\n                            <\/ul>\r\n                            <\/p>\r\n                            <div class=\"container d-flex justify-content-center p-0 m-0\">\r\n                                <hr style=\"height: 5px; border: none; width: 75%; background-color: #ffff;\">\r\n                            <\/div>\r\n                        <\/div>\r\n                        <div class=\"container d-flex justify-content-center py-4\">\r\n                            <i style=\"font-size:80px;\" class=\"stm-transport839 hover_icons_second\"><\/i>\r\n                        <\/div>\r\n                        <div class=\"container\">\r\n                            <p class=\"hover_paragraf\">Uluslararas\u0131 i\u015fletmeler i\u00e7in g\u00fcvenilir bir ta\u015f\u0131ma \u00e7\u00f6z\u00fcm\u00fc ar\u0131yorsan\u0131z, do\u011fru yerdesiniz! Firmam\u0131z, y\u00fcksek standartlara sahip uluslararas\u0131 hava yolu ta\u015f\u0131ma hizmetleri sunarak i\u015fletmenizin k\u00fcresel gereksinimlerini kar\u015f\u0131lamak i\u00e7in yan\u0131n\u0131zda.<\/p>\r\n                        <\/div>\r\n                    <\/div>\r\n                <\/div>\r\n                <div class=\"col me-1 p-0 m-0 px-1 card_three text-white shadow d-flex flex-column justify-content-center hover_icon_div\">\r\n                    <div style=\"z-index: 999;\" class=\"text-decoration-none text-white card_link\" href=\"#\" data-path=\"proje-kargo-tasimaciligi\/\">\r\n                        <div>\r\n                            <p>\r\n                            <ul class=\"list-unstyled\">\r\n                                <li class=\"mb-2 text-center\">\r\n                                    <a style=\"font-size:22px !important\" href=\"#\" class=\"text-decoration-none text-white\">Proje Kargo<br \/>Ta\u015f\u0131mac\u0131l\u0131\u011f\u0131<\/a>\r\n                                <\/li>\r\n                            <\/ul>\r\n                            <\/p>\r\n                            <div class=\"container d-flex justify-content-center p-0 m-0\">\r\n                                <hr style=\"height: 5px; border: none; width: 75%; background-color: #ffff;\">\r\n                            <\/div>\r\n                        <\/div>\r\n                        <div class=\"container d-flex justify-content-center py-4\">\r\n                            <i style=\"font-size:80px;\" class=\"stm-people-in-team hover_icons_three\"><\/i>\r\n                        <\/div>\r\n                        <div class=\"container\">\r\n                            <p class=\"hover_paragraf\">CTM olarak, gabari d\u0131\u015f\u0131 olarak tabir edilen, a\u011f\u0131rl\u0131klar\u0131 ve hacmi y\u00fcksek olan t\u00fcm y\u00fcklerinizi Proje Ta\u015f\u0131mac\u0131l\u0131\u011f\u0131 servisi kapsam\u0131nda ele almakta ve uluslararas\u0131 yetkinli\u011fe sahip i\u015f ortaklar\u0131m\u0131z ve teknolojik ekipmanlar\u0131 ile ula\u015ft\u0131rmak istedi\u011finiz noktaya ta\u015f\u0131maktay\u0131z.<\/p>\r\n                        <\/div>\r\n                    <\/div>\r\n                <\/div>\r\n                <div class=\"col p-0 m-0 px-1 card_five text-white shadow d-flex flex-column justify-content-center hover_icon_div\">\r\n                    <div style=\"z-index: 999;\" class=\"text-decoration-none text-white card_link\" href=\"#\" data-path=\"nakliye-emtia-sigortasi\/\">\r\n                        <div>\r\n                            <p>\r\n                            <ul class=\"list-unstyled\">\r\n                                <li class=\"mb-2 text-center\">\r\n                                    <a style=\"font-size:22px !important\" href=\"#\" class=\"text-decoration-none text-white\">Nakliye Emtia<br \/>Ta\u015f\u0131mac\u0131l\u0131\u011f\u0131<\/a>\r\n                                <\/li>\r\n                            <\/ul>\r\n                            <\/p>\r\n                            <div class=\"container d-flex justify-content-center p-0 m-0\">\r\n                                <hr style=\"height: 5px; border: none; width: 75%; background-color: #ffff;\">\r\n                            <\/div>\r\n                        <\/div>\r\n                      <div class=\"container d-flex justify-content-center py-4\">\r\n                            <i style=\"font-size:80px;\" class=\"stm-packaging-and-storage hover_icons_five\"><\/i>\r\n\r\n\r\n                        <\/div>\r\n                        <div class=\"container\">\r\n                            <p class=\"hover_paragraf\">CTM Lojistik, y\u00fcklerinizin g\u00fcvenli\u011fi ve korunmas\u0131 konusunda nakliye emtia sigortas\u0131 hizmeti sunmaktad\u0131r. M\u00fc\u015fteri memnuniyetini ve y\u00fcklerinizin tam g\u00fcvenli\u011fini garanti alt\u0131na al\u0131yoruz.<\/p>\r\n                        <\/div>\r\n                        <\/a>\r\n                    <\/div>\r\n                <\/div>\r\n            <\/div>\r\n    <\/main>\r\n    <!-- Optional JavaScript -->\r\n    <!-- Bootstrap Bundle with Popper -->\r\n    <script src=\"https:\/\/cdn.jsdelivr.net\/npm\/@popperjs\/core@2.11.8\/dist\/umd\/popper.min.js\" crossorigin=\"anonymous\"><\/script>\r\n    <script src=\"https:\/\/cdn.jsdelivr.net\/npm\/bootstrap@5.3.2\/dist\/js\/bootstrap.min.js\"  crossorigin=\"anonymous\"><\/script>\r\n<script>\r\ndocument.addEventListener(\"DOMContentLoaded\", function() {\r\n    const links = document.querySelectorAll('.card_link');\r\n\r\n    links.forEach(link => {\r\n        link.addEventListener('click', function(event) {\r\n            event.preventDefault(); \/\/ Varsay\u0131lan t\u0131klama i\u015flevini engelle\r\n\r\n            \/\/ T\u0131klanan linkin data-path'ini al\r\n            const newPath = link.getAttribute('data-path');\r\n\r\n            \/\/ Mevcut URL'yi al\r\n            const currentUrl = new URL(window.location.href);\r\n            const currentPath = currentUrl.pathname;\r\n\r\n            \/\/ Mevcut URL'deki dil kodunu al (en veya tr_tr)\r\n            const langCodeMatch = currentPath.match(\/\\\/(en|tr_tr)\\\/\/);\r\n            const langCode = langCodeMatch ? langCodeMatch[1] : '';\r\n\r\n            \/\/ Mevcut URL'deki blog k\u0131sm\u0131n\u0131 al\r\n            const basePath = currentPath.split('\/').filter(segment => segment && segment !== langCode).join('\/');\r\n\r\n            \/\/ Yeni URL'yi olu\u015ftur\r\n            const newPathString = `${basePath}\/${newPath}`;\r\n            const newUrl = `${currentUrl.origin}\/blog\/${langCode}\/${newPathString}`;\r\n\r\n            \/\/ Sayfay\u0131 yeni URL'ye y\u00f6nlendir\r\n            window.location.href = newUrl;\r\n        });\r\n    });\r\n});\r\n\r\n\r\n\r\n\r\n\r\n\r\n        document.querySelectorAll('.card_first').forEach(card => {\r\n\t\t\t  document.querySelector('.card_').style.backgroundImage = 'url(\"https:\/\/ctmlog.com\/wp-content\/uploads\/2024\/08\/slider_3.jpg\")';\r\n\t\t\t\/\/kara\r\n            card.addEventListener('mouseover', () => {\r\n                document.querySelector('.card_').style.backgroundImage = 'url(\"https:\/\/ctmlog.com\/wp-content\/uploads\/2024\/08\/slider_1.jpg\")';\r\n                document.querySelector('.hover_icons_first').style.transform = 'scale(1.1)';\r\n\r\n            });\r\n            card.addEventListener('mouseout', () => {\r\n                document.querySelector('.card_').style.backgroundImage = 'url(\"https:\/\/ctmlog.com\/wp-content\/uploads\/2024\/08\/slider_3.jpg\")';\r\n                document.querySelector('.hover_icons_first').style.transform = '';\r\n            });\r\n        });\r\n\t\/\/ hava\r\n        document.querySelectorAll('.card_second').forEach(card => {\r\n            card.addEventListener('mouseover', () => {\r\n                document.querySelector('.card_').style.backgroundImage = 'url(\"https:\/\/ctmlog.com\/wp-content\/uploads\/2024\/08\/slider_2.jpg\")';\r\n                document.querySelector('.hover_icons_second').style.transform = 'scale(1.1)';\r\n            });\r\n            card.addEventListener('mouseout', () => {\r\n                document.querySelector('.card_').style.backgroundImage = 'https:\/\/ctmlog.com\/wp-content\/uploads\/2024\/08\/slider_3.jpg\")';\r\n                document.querySelector('.hover_icons_second').style.transform = '';\r\n            });\r\n        });\r\n\r\n\t\t\/\/proje\r\n        document.querySelectorAll('.card_three').forEach(card => {\r\n            card.addEventListener('mouseover', () => {\r\n                document.querySelector('.card_').style.backgroundImage = 'url(\"https:\/\/ctmlog.com\/wp-content\/uploads\/2024\/08\/slider_4.jpg\")';\r\n                document.querySelector('.hover_icons_three').style.transform = 'scale(1.1)';\r\n            });\r\n            card.addEventListener('mouseout', () => {\r\n                document.querySelector('.card_').style.backgroundImage = 'url(\"https:\/\/ctmlog.com\/wp-content\/uploads\/2024\/08\/slider_3.jpg\")';\r\n                document.querySelector('.hover_icons_three').style.transform = '';\r\n            });\r\n        });\r\n\r\n\t\/\/ deniz\r\n        document.querySelectorAll('.card_four').forEach(card => {\r\n            card.addEventListener('mouseover', () => {\r\n                document.querySelector('.card_').style.backgroundImage = 'url(\"https:\/\/ctmlog.com\/wp-content\/uploads\/2024\/08\/slider_3.jpg\")';\r\n                document.querySelector('.hover_icons_four').style.transform = 'scale(1.1)';\r\n            });\r\n            card.addEventListener('mouseout', () => {\r\n                document.querySelector('.card_').style.backgroundImage = 'url(\"https:\/\/ctmlog.com\/wp-content\/uploads\/2024\/08\/slider_3.jpg\")';\r\n                document.querySelector('.hover_icons_four').style.transform = '';\r\n            });\r\n        });\r\n\r\n\t\/\/nakliye emtia\r\n        document.querySelectorAll('.card_five').forEach(card => {\r\n            card.addEventListener('mouseover', () => {\r\n                document.querySelector('.card_').style.backgroundImage = 'url(\"https:\/\/ctmlog.com\/wp-content\/uploads\/2024\/08\/Big_Truck_On_The_Road_Sunset.jpg\")';\r\n                document.querySelector('.hover_icons_five').style.transform = 'scale(1.1)';\r\n            });\r\n            card.addEventListener('mouseout', () => {\r\n                document.querySelector('.card_').style.backgroundImage = 'url(\"https:\/\/ctmlog.com\/wp-content\/uploads\/2024\/08\/slider_3.jpg\")';\r\n                document.querySelector('.hover_icons_five').style.transform = '';\r\n            });\r\n        });\r\n\r\n\t\r\n\r\n    <\/script>\n\t\t<\/div>\n\t<\/div>\n<\/div><\/div><\/div><\/div>\n<\/div>","protected":false},"excerpt":{"rendered":"Biz kimiz ? T\u00fcm ta\u015f\u0131ma modellerinde uluslararas\u0131 ta\u015f\u0131mac\u0131l\u0131k operasyonlar\u0131n\u0131 y\u00f6neten, entegre lojistik hizmeti sunan, gen\u00e7, dinamik ve \u00e7\u00f6z\u00fcm odakl\u0131 bir kurulu\u015fuz. Lojistik sekt\u00f6r\u00fcnde siz de\u011ferli m\u00fc\u015fterilerimize ve \u00fclkemizin ekonomisine de\u011fer katmak i\u00e7in 7\/24...","protected":false},"author":1,"featured_media":0,"parent":0,"menu_order":0,"comment_status":"closed","ping_status":"closed","template":"","meta":{"footnotes":""},"class_list":["post-415","page","type-page","status-publish","hentry"],"_links":{"self":[{"href":"http:\/\/ctmlog.com\/tr_tr\/wp-json\/wp\/v2\/pages\/415"}],"collection":[{"href":"http:\/\/ctmlog.com\/tr_tr\/wp-json\/wp\/v2\/pages"}],"about":[{"href":"http:\/\/ctmlog.com\/tr_tr\/wp-json\/wp\/v2\/types\/page"}],"author":[{"embeddable":true,"href":"http:\/\/ctmlog.com\/tr_tr\/wp-json\/wp\/v2\/users\/1"}],"replies":[{"embeddable":true,"href":"http:\/\/ctmlog.com\/tr_tr\/wp-json\/wp\/v2\/comments?post=415"}],"version-history":[{"count":12,"href":"http:\/\/ctmlog.com\/tr_tr\/wp-json\/wp\/v2\/pages\/415\/revisions"}],"predecessor-version":[{"id":2266,"href":"http:\/\/ctmlog.com\/tr_tr\/wp-json\/wp\/v2\/pages\/415\/revisions\/2266"}],"wp:attachment":[{"href":"http:\/\/ctmlog.com\/tr_tr\/wp-json\/wp\/v2\/media?parent=415"}],"curies":[{"name":"wp","href":"https:\/\/api.w.org\/{rel}","templated":true}]}}